{"id":163,"date":"2025-06-16T06:51:35","date_gmt":"2025-06-16T06:51:35","guid":{"rendered":"https:\/\/ivysaur.sk\/?page_id=163"},"modified":"2025-06-16T09:25:58","modified_gmt":"2025-06-16T09:25:58","slug":"we-work-with","status":"publish","type":"page","link":"https:\/\/ivysaur.sk\/index.php\/we-work-with\/","title":{"rendered":"We work with"},"content":{"rendered":"\t\t<div data-elementor-type=\"wp-page\" data-elementor-id=\"163\" class=\"elementor elementor-163\">\n\t\t\t\t<div class=\"elementor-element elementor-element-c1d7c4e e-flex e-con-boxed e-con e-parent\" data-id=\"c1d7c4e\" data-element_type=\"container\" data-settings=\"{&quot;background_background&quot;:&quot;classic&quot;}\">\n\t\t\t\t\t<div class=\"e-con-inner\">\n\t\t<div class=\"elementor-element elementor-element-3634f4a e-con-full e-flex e-con e-child\" data-id=\"3634f4a\" data-element_type=\"container\">\n\t\t\t\t<div class=\"elementor-element elementor-element-94de44c elementor-widget elementor-widget-text-editor\" data-id=\"94de44c\" data-element_type=\"widget\" data-widget_type=\"text-editor.default\">\n\t\t\t\t<div class=\"elementor-widget-container\">\n\t\t\t\t\t\t\t\t\t<p>Ivysaur s. r. o.<\/p>\t\t\t\t\t\t\t\t<\/div>\n\t\t\t\t<\/div>\n\t\t\t\t<\/div>\n\t\t<div class=\"elementor-element elementor-element-92bbc66 e-con-full e-flex e-con e-child\" data-id=\"92bbc66\" data-element_type=\"container\">\n\t\t<div class=\"elementor-element elementor-element-bd87fd7 e-con-full e-grid e-con e-child\" data-id=\"bd87fd7\" data-element_type=\"container\">\n\t\t\t\t<div class=\"elementor-element elementor-element-a648211 elementor-widget elementor-widget-image\" data-id=\"a648211\" data-element_type=\"widget\" data-widget_type=\"image.default\">\n\t\t\t\t<div class=\"elementor-widget-container\">\n\t\t\t\t\t\t\t\t\t\t\t\t\t\t\t<img decoding=\"async\" width=\"100\" height=\"100\" src=\"https:\/\/ivysaur.sk\/wp-content\/uploads\/2025\/06\/italia.png\" class=\"attachment-large size-large wp-image-148\" alt=\"\" \/>\t\t\t\t\t\t\t\t\t\t\t\t\t\t\t<\/div>\n\t\t\t\t<\/div>\n\t\t\t\t<div class=\"elementor-element elementor-element-0c484e2 elementor-widget elementor-widget-image\" data-id=\"0c484e2\" data-element_type=\"widget\" data-widget_type=\"image.default\">\n\t\t\t\t<div class=\"elementor-widget-container\">\n\t\t\t\t\t\t\t\t\t\t\t\t\t\t\t<img decoding=\"async\" width=\"100\" height=\"100\" src=\"https:\/\/ivysaur.sk\/wp-content\/uploads\/2025\/06\/slovacchia.png\" class=\"attachment-large size-large wp-image-149\" alt=\"\" \/>\t\t\t\t\t\t\t\t\t\t\t\t\t\t\t<\/div>\n\t\t\t\t<\/div>\n\t\t\t\t<\/div>\n\t\t\t\t<\/div>\n\t\t<div class=\"elementor-element elementor-element-92d1ee7 e-con-full e-flex e-con e-child\" data-id=\"92d1ee7\" data-element_type=\"container\">\n\t\t\t\t<div class=\"elementor-element elementor-element-da93d48 elementor-widget elementor-widget-text-editor\" data-id=\"da93d48\" data-element_type=\"widget\" data-widget_type=\"text-editor.default\">\n\t\t\t\t<div class=\"elementor-widget-container\">\n\t\t\t\t\t\t\t\t\t<p><a href=\"https:\/\/ivysaur.sk\/\">Home<\/a><\/p>\t\t\t\t\t\t\t\t<\/div>\n\t\t\t\t<\/div>\n\t\t\t\t<\/div>\n\t\t<div class=\"elementor-element elementor-element-4c9eb00 e-con-full e-flex e-con e-child\" data-id=\"4c9eb00\" data-element_type=\"container\">\n\t\t\t\t<div class=\"elementor-element elementor-element-739e89c elementor-widget elementor-widget-text-editor\" data-id=\"739e89c\" data-element_type=\"widget\" data-widget_type=\"text-editor.default\">\n\t\t\t\t<div class=\"elementor-widget-container\">\n\t\t\t\t\t\t\t\t\t<p><a href=\"https:\/\/ivysaur.sk\/index.php\/what-we-do\/\">What we do<\/a><\/p>\t\t\t\t\t\t\t\t<\/div>\n\t\t\t\t<\/div>\n\t\t\t\t<\/div>\n\t\t<div class=\"elementor-element elementor-element-1d9b284 e-con-full e-flex e-con e-child\" data-id=\"1d9b284\" data-element_type=\"container\">\n\t\t\t\t<div class=\"elementor-element elementor-element-164b708 elementor-widget elementor-widget-text-editor\" data-id=\"164b708\" data-element_type=\"widget\" data-widget_type=\"text-editor.default\">\n\t\t\t\t<div class=\"elementor-widget-container\">\n\t\t\t\t\t\t\t\t\t<p><a href=\"https:\/\/ivysaur.sk\/index.php\/what-we-do-2\/\">What Sets Us Apart<\/a><\/p>\t\t\t\t\t\t\t\t<\/div>\n\t\t\t\t<\/div>\n\t\t\t\t<\/div>\n\t\t<div class=\"elementor-element elementor-element-26c9278 e-con-full e-flex e-con e-child\" data-id=\"26c9278\" data-element_type=\"container\">\n\t\t\t\t<div class=\"elementor-element elementor-element-6c008b6 elementor-widget elementor-widget-text-editor\" data-id=\"6c008b6\" data-element_type=\"widget\" data-widget_type=\"text-editor.default\">\n\t\t\t\t<div class=\"elementor-widget-container\">\n\t\t\t\t\t\t\t\t\t<p><a href=\"https:\/\/ivysaur.sk\/index.php\/online-reservation\/\">Reservation Appointement<\/a><\/p>\t\t\t\t\t\t\t\t<\/div>\n\t\t\t\t<\/div>\n\t\t\t\t<\/div>\n\t\t<div class=\"elementor-element elementor-element-f1b4017 e-con-full e-flex e-con e-child\" data-id=\"f1b4017\" data-element_type=\"container\">\n\t\t\t\t<div class=\"elementor-element elementor-element-78840bc elementor-widget elementor-widget-text-editor\" data-id=\"78840bc\" data-element_type=\"widget\" data-widget_type=\"text-editor.default\">\n\t\t\t\t<div class=\"elementor-widget-container\">\n\t\t\t\t\t\t\t\t\t<p><a href=\"https:\/\/ivysaur.sk\/index.php\/contact-2\/\">Contact<\/a><\/p>\t\t\t\t\t\t\t\t<\/div>\n\t\t\t\t<\/div>\n\t\t\t\t<\/div>\n\t\t\t\t\t<\/div>\n\t\t\t\t<\/div>\n\t\t\t\t<section class=\"elementor-section elementor-top-section elementor-element elementor-element-f11628f elementor-section-height-min-height elementor-section-boxed elementor-section-height-default elementor-section-items-middle elementor-invisible\" data-id=\"f11628f\" data-element_type=\"section\" data-settings=\"{&quot;background_background&quot;:&quot;classic&quot;,&quot;animation&quot;:&quot;fadeIn&quot;}\">\n\t\t\t\t\t\t\t<div class=\"elementor-background-overlay\"><\/div>\n\t\t\t\t\t\t\t<div class=\"elementor-container elementor-column-gap-default\">\n\t\t\t\t\t<div class=\"elementor-column elementor-col-100 elementor-top-column elementor-element elementor-element-96b67b2\" data-id=\"96b67b2\" data-element_type=\"column\">\n\t\t\t<div class=\"elementor-widget-wrap elementor-element-populated\">\n\t\t\t\t\t\t<div class=\"elementor-element elementor-element-ca1d615 elementor-widget elementor-widget-spacer\" data-id=\"ca1d615\" data-element_type=\"widget\" data-widget_type=\"spacer.default\">\n\t\t\t\t<div class=\"elementor-widget-container\">\n\t\t\t\t\t\t\t<div class=\"elementor-spacer\">\n\t\t\t<div class=\"elementor-spacer-inner\"><\/div>\n\t\t<\/div>\n\t\t\t\t\t\t<\/div>\n\t\t\t\t<\/div>\n\t\t\t\t<div class=\"elementor-element elementor-element-836b41b elementor-invisible elementor-widget elementor-widget-heading\" data-id=\"836b41b\" data-element_type=\"widget\" data-settings=\"{&quot;_animation&quot;:&quot;fadeInUp&quot;,&quot;_animation_delay&quot;:500}\" data-widget_type=\"heading.default\">\n\t\t\t\t<div class=\"elementor-widget-container\">\n\t\t\t\t\t<h3 class=\"elementor-heading-title elementor-size-default\">We work with<\/h3>\t\t\t\t<\/div>\n\t\t\t\t<\/div>\n\t\t\t\t<div class=\"elementor-element elementor-element-2bdbc09 elementor-widget elementor-widget-text-editor\" data-id=\"2bdbc09\" data-element_type=\"widget\" data-widget_type=\"text-editor.default\">\n\t\t\t\t<div class=\"elementor-widget-container\">\n\t\t\t\t\t\t\t\t\t<p>\u201cWhere algorithms end, relationships begin.\u201d<\/p>\t\t\t\t\t\t\t\t<\/div>\n\t\t\t\t<\/div>\n\t\t\t\t\t<\/div>\n\t\t<\/div>\n\t\t\t\t\t<\/div>\n\t\t<\/section>\n\t\t\t\t<section class=\"elementor-section elementor-top-section elementor-element elementor-element-5033f1c elementor-section-boxed elementor-section-height-default elementor-section-height-default\" data-id=\"5033f1c\" data-element_type=\"section\" data-settings=\"{&quot;background_background&quot;:&quot;classic&quot;}\">\n\t\t\t\t\t\t<div class=\"elementor-container elementor-column-gap-default\">\n\t\t\t\t\t<div class=\"elementor-column elementor-col-100 elementor-top-column elementor-element elementor-element-cfb94b7\" data-id=\"cfb94b7\" data-element_type=\"column\">\n\t\t\t<div class=\"elementor-widget-wrap elementor-element-populated\">\n\t\t\t\t\t\t<div class=\"elementor-element elementor-element-1f1e703 elementor-widget elementor-widget-heading\" data-id=\"1f1e703\" data-element_type=\"widget\" data-widget_type=\"heading.default\">\n\t\t\t\t<div class=\"elementor-widget-container\">\n\t\t\t\t\t<h2 class=\"elementor-heading-title elementor-size-default\">We work with<\/h2>\t\t\t\t<\/div>\n\t\t\t\t<\/div>\n\t\t\t\t<div class=\"elementor-element elementor-element-4cecd0c elementor-widget-divider--view-line elementor-widget elementor-widget-divider\" data-id=\"4cecd0c\" data-element_type=\"widget\" data-widget_type=\"divider.default\">\n\t\t\t\t<div class=\"elementor-widget-container\">\n\t\t\t\t\t\t\t<div class=\"elementor-divider\">\n\t\t\t<span class=\"elementor-divider-separator\">\n\t\t\t\t\t\t<\/span>\n\t\t<\/div>\n\t\t\t\t\t\t<\/div>\n\t\t\t\t<\/div>\n\t\t\t\t\t<\/div>\n\t\t<\/div>\n\t\t\t\t\t<\/div>\n\t\t<\/section>\n\t\t<div class=\"elementor-element elementor-element-271bf35 e-flex e-con-boxed e-con e-parent\" data-id=\"271bf35\" data-element_type=\"container\">\n\t\t\t\t\t<div class=\"e-con-inner\">\n\t\t<div class=\"elementor-element elementor-element-e2666aa e-con-full e-flex e-con e-child\" data-id=\"e2666aa\" data-element_type=\"container\">\n\t\t\t\t<div class=\"elementor-element elementor-element-6df3922 elementor-widget elementor-widget-image\" data-id=\"6df3922\" data-element_type=\"widget\" data-widget_type=\"image.default\">\n\t\t\t\t<div class=\"elementor-widget-container\">\n\t\t\t\t\t\t\t\t\t\t\t\t\t\t\t<img fetchpriority=\"high\" decoding=\"async\" width=\"800\" height=\"1000\" src=\"https:\/\/ivysaur.sk\/wp-content\/uploads\/2025\/06\/team-819x1024.png\" class=\"attachment-large size-large wp-image-166\" alt=\"\" srcset=\"https:\/\/ivysaur.sk\/wp-content\/uploads\/2025\/06\/team-819x1024.png 819w, https:\/\/ivysaur.sk\/wp-content\/uploads\/2025\/06\/team-240x300.png 240w, https:\/\/ivysaur.sk\/wp-content\/uploads\/2025\/06\/team-768x960.png 768w, https:\/\/ivysaur.sk\/wp-content\/uploads\/2025\/06\/team.png 1080w\" sizes=\"(max-width: 800px) 100vw, 800px\" \/>\t\t\t\t\t\t\t\t\t\t\t\t\t\t\t<\/div>\n\t\t\t\t<\/div>\n\t\t\t\t<\/div>\n\t\t<div class=\"elementor-element elementor-element-4bfd871 e-con-full e-flex e-con e-child\" data-id=\"4bfd871\" data-element_type=\"container\">\n\t\t\t\t<div class=\"elementor-element elementor-element-ef92a9b elementor-widget elementor-widget-text-editor\" data-id=\"ef92a9b\" data-element_type=\"widget\" data-widget_type=\"text-editor.default\">\n\t\t\t\t<div class=\"elementor-widget-container\">\n\t\t\t\t\t\t\t\t\t<ul id=\"wnd_TextBlock_5341747080196166862_inner_1\" data-wnd_is_separable=\"1\" data-wnd_separable_index=\"1\" data-wnd_separable_id=\"wnd_TextBlock_5341747080196166862\"><li>Institutional and private investors seeking long-term stability and growth<\/li><\/ul><p>\u00a0<\/p><ul id=\"wnd_TextBlock_5341747080196166862_inner_1\" data-wnd_is_separable=\"1\" data-wnd_separable_index=\"1\" data-wnd_separable_id=\"wnd_TextBlock_5341747080196166862\"><li>International and national real estate funds<\/li><\/ul><p>\u00a0<\/p><ul id=\"wnd_TextBlock_5341747080196166862_inner_1\" data-wnd_is_separable=\"1\" data-wnd_separable_index=\"1\" data-wnd_separable_id=\"wnd_TextBlock_5341747080196166862\"><li>Notary publics, legal offices, and government-linked institutions<\/li><\/ul><p>\u00a0<\/p><ul id=\"wnd_TextBlock_5341747080196166862_inner_1\" data-wnd_is_separable=\"1\" data-wnd_separable_index=\"1\" data-wnd_separable_id=\"wnd_TextBlock_5341747080196166862\"><li>Leading tax and audit firms with a global reach<\/li><\/ul><p>\u00a0<\/p><ul id=\"wnd_TextBlock_5341747080196166862_inner_1\" data-wnd_is_separable=\"1\" data-wnd_separable_index=\"1\" data-wnd_separable_id=\"wnd_TextBlock_5341747080196166862\"><li>International financial organisations and banking groups<\/li><\/ul>\t\t\t\t\t\t\t\t<\/div>\n\t\t\t\t<\/div>\n\t\t\t\t<div class=\"elementor-element elementor-element-303db18 elementor-widget elementor-widget-image\" data-id=\"303db18\" data-element_type=\"widget\" data-widget_type=\"image.default\">\n\t\t\t\t<div class=\"elementor-widget-container\">\n\t\t\t\t\t\t\t\t\t\t\t\t\t\t\t<img loading=\"lazy\" decoding=\"async\" width=\"800\" height=\"1000\" src=\"https:\/\/ivysaur.sk\/wp-content\/uploads\/2025\/06\/Il-Motivo-Sorprendente-per-cui-molte-2-819x1024.png\" class=\"attachment-large size-large wp-image-167\" alt=\"\" srcset=\"https:\/\/ivysaur.sk\/wp-content\/uploads\/2025\/06\/Il-Motivo-Sorprendente-per-cui-molte-2-819x1024.png 819w, https:\/\/ivysaur.sk\/wp-content\/uploads\/2025\/06\/Il-Motivo-Sorprendente-per-cui-molte-2-240x300.png 240w, https:\/\/ivysaur.sk\/wp-content\/uploads\/2025\/06\/Il-Motivo-Sorprendente-per-cui-molte-2-768x960.png 768w, https:\/\/ivysaur.sk\/wp-content\/uploads\/2025\/06\/Il-Motivo-Sorprendente-per-cui-molte-2.png 1080w\" sizes=\"(max-width: 800px) 100vw, 800px\" \/>\t\t\t\t\t\t\t\t\t\t\t\t\t\t\t<\/div>\n\t\t\t\t<\/div>\n\t\t\t\t<\/div>\n\t\t\t\t\t<\/div>\n\t\t\t\t<\/div>\n\t\t\t\t<section class=\"elementor-section elementor-top-section elementor-element elementor-element-d3b6d49 elementor-section-boxed elementor-section-height-default elementor-section-height-default\" data-id=\"d3b6d49\" data-element_type=\"section\" data-settings=\"{&quot;background_background&quot;:&quot;classic&quot;}\">\n\t\t\t\t\t\t\t<div class=\"elementor-background-overlay\"><\/div>\n\t\t\t\t\t\t\t<div class=\"elementor-container elementor-column-gap-default\">\n\t\t\t\t\t<div class=\"elementor-column elementor-col-100 elementor-top-column elementor-element elementor-element-a7e9378\" data-id=\"a7e9378\" data-element_type=\"column\">\n\t\t\t<div class=\"elementor-widget-wrap elementor-element-populated\">\n\t\t\t\t\t\t<section class=\"elementor-section elementor-inner-section elementor-element elementor-element-b2ef2d8 elementor-section-boxed elementor-section-height-default elementor-section-height-default\" data-id=\"b2ef2d8\" data-element_type=\"section\">\n\t\t\t\t\t\t<div class=\"elementor-container elementor-column-gap-default\">\n\t\t\t\t\t<div class=\"elementor-column elementor-col-100 elementor-inner-column elementor-element elementor-element-46f768a\" data-id=\"46f768a\" data-element_type=\"column\">\n\t\t\t<div class=\"elementor-widget-wrap elementor-element-populated\">\n\t\t\t\t\t\t<div class=\"elementor-element elementor-element-495f537 elementor-widget elementor-widget-text-editor\" data-id=\"495f537\" data-element_type=\"widget\" data-widget_type=\"text-editor.default\">\n\t\t\t\t<div class=\"elementor-widget-container\">\n\t\t\t\t\t\t\t\t\t<p>Ivysaur 2025\u00a0|\u00a0V\u0161etky pr\u00e1va vyhraden\u00e9<\/p>\t\t\t\t\t\t\t\t<\/div>\n\t\t\t\t<\/div>\n\t\t\t\t\t<\/div>\n\t\t<\/div>\n\t\t\t\t\t<\/div>\n\t\t<\/section>\n\t\t\t\t\t<\/div>\n\t\t<\/div>\n\t\t\t\t\t<\/div>\n\t\t<\/section>\n\t\t\t\t<\/div>\n\t\t","protected":false},"excerpt":{"rendered":"<p>Ivysaur s. r. o. Home What we do What Sets Us Apart Reservation Appointement Contact We work with \u201cWhere algorithms end, relationships begin.\u201d We work with Institutional and private investors seeking long-term stability and growth \u00a0 International and national real estate funds \u00a0 Notary publics, legal offices, and government-linked institutions \u00a0 Leading tax and audit [&hellip;]<\/p>\n","protected":false},"author":1,"featured_media":0,"parent":0,"menu_order":0,"comment_status":"closed","ping_status":"closed","template":"elementor_canvas","meta":{"footnotes":""},"class_list":["post-163","page","type-page","status-publish","hentry"],"_links":{"self":[{"href":"https:\/\/ivysaur.sk\/index.php\/wp-json\/wp\/v2\/pages\/163","targetHints":{"allow":["GET"]}}],"collection":[{"href":"https:\/\/ivysaur.sk\/index.php\/wp-json\/wp\/v2\/pages"}],"about":[{"href":"https:\/\/ivysaur.sk\/index.php\/wp-json\/wp\/v2\/types\/page"}],"author":[{"embeddable":true,"href":"https:\/\/ivysaur.sk\/index.php\/wp-json\/wp\/v2\/users\/1"}],"replies":[{"embeddable":true,"href":"https:\/\/ivysaur.sk\/index.php\/wp-json\/wp\/v2\/comments?post=163"}],"version-history":[{"count":8,"href":"https:\/\/ivysaur.sk\/index.php\/wp-json\/wp\/v2\/pages\/163\/revisions"}],"predecessor-version":[{"id":231,"href":"https:\/\/ivysaur.sk\/index.php\/wp-json\/wp\/v2\/pages\/163\/revisions\/231"}],"wp:attachment":[{"href":"https:\/\/ivysaur.sk\/index.php\/wp-json\/wp\/v2\/media?parent=163"}],"curies":[{"name":"wp","href":"https:\/\/api.w.org\/{rel}","templated":true}]}}