{"id":180,"date":"2025-06-16T07:06:47","date_gmt":"2025-06-16T07:06:47","guid":{"rendered":"https:\/\/ivysaur.sk\/?page_id=180"},"modified":"2025-07-07T09:40:07","modified_gmt":"2025-07-07T09:40:07","slug":"contact-2","status":"publish","type":"page","link":"https:\/\/ivysaur.sk\/index.php\/contact-2\/","title":{"rendered":"Contact"},"content":{"rendered":"\t\t<div data-elementor-type=\"wp-page\" data-elementor-id=\"180\" class=\"elementor elementor-180\">\n\t\t\t\t<div class=\"elementor-element elementor-element-75600b9 e-flex e-con-boxed e-con e-parent\" data-id=\"75600b9\" data-element_type=\"container\" data-settings=\"{&quot;background_background&quot;:&quot;classic&quot;}\">\n\t\t\t\t\t<div class=\"e-con-inner\">\n\t\t<div class=\"elementor-element elementor-element-1625b11 e-con-full e-flex e-con e-child\" data-id=\"1625b11\" data-element_type=\"container\">\n\t\t\t\t<div class=\"elementor-element elementor-element-f4ea9f2 elementor-widget elementor-widget-text-editor\" data-id=\"f4ea9f2\" data-element_type=\"widget\" data-widget_type=\"text-editor.default\">\n\t\t\t\t<div class=\"elementor-widget-container\">\n\t\t\t\t\t\t\t\t\t<p>Ivysaur s. r. o.<\/p>\t\t\t\t\t\t\t\t<\/div>\n\t\t\t\t<\/div>\n\t\t\t\t<\/div>\n\t\t<div class=\"elementor-element elementor-element-f96fb63 e-con-full e-flex e-con e-child\" data-id=\"f96fb63\" data-element_type=\"container\">\n\t\t<div class=\"elementor-element elementor-element-aaf01d4 e-con-full e-grid e-con e-child\" data-id=\"aaf01d4\" data-element_type=\"container\">\n\t\t\t\t<div class=\"elementor-element elementor-element-ac013df elementor-widget elementor-widget-image\" data-id=\"ac013df\" data-element_type=\"widget\" data-widget_type=\"image.default\">\n\t\t\t\t<div class=\"elementor-widget-container\">\n\t\t\t\t\t\t\t\t\t\t\t\t\t\t\t<img decoding=\"async\" width=\"100\" height=\"100\" src=\"https:\/\/ivysaur.sk\/wp-content\/uploads\/2025\/06\/italia.png\" class=\"attachment-large size-large wp-image-148\" alt=\"\" \/>\t\t\t\t\t\t\t\t\t\t\t\t\t\t\t<\/div>\n\t\t\t\t<\/div>\n\t\t\t\t<div class=\"elementor-element elementor-element-841c310 elementor-widget elementor-widget-image\" data-id=\"841c310\" data-element_type=\"widget\" data-widget_type=\"image.default\">\n\t\t\t\t<div class=\"elementor-widget-container\">\n\t\t\t\t\t\t\t\t\t\t\t\t\t\t\t<img decoding=\"async\" width=\"100\" height=\"100\" src=\"https:\/\/ivysaur.sk\/wp-content\/uploads\/2025\/06\/slovacchia.png\" class=\"attachment-large size-large wp-image-149\" alt=\"\" \/>\t\t\t\t\t\t\t\t\t\t\t\t\t\t\t<\/div>\n\t\t\t\t<\/div>\n\t\t\t\t<\/div>\n\t\t\t\t<\/div>\n\t\t<div class=\"elementor-element elementor-element-3d4a862 e-con-full e-flex e-con e-child\" data-id=\"3d4a862\" data-element_type=\"container\">\n\t\t\t\t<div class=\"elementor-element elementor-element-7835558 elementor-widget elementor-widget-text-editor\" data-id=\"7835558\" data-element_type=\"widget\" data-widget_type=\"text-editor.default\">\n\t\t\t\t<div class=\"elementor-widget-container\">\n\t\t\t\t\t\t\t\t\t<p><a href=\"https:\/\/ivysaur.sk\/\">Home<\/a><\/p>\t\t\t\t\t\t\t\t<\/div>\n\t\t\t\t<\/div>\n\t\t\t\t<\/div>\n\t\t<div class=\"elementor-element elementor-element-d104792 e-con-full e-flex e-con e-child\" data-id=\"d104792\" data-element_type=\"container\">\n\t\t\t\t<div class=\"elementor-element elementor-element-f50940b elementor-widget elementor-widget-text-editor\" data-id=\"f50940b\" data-element_type=\"widget\" data-widget_type=\"text-editor.default\">\n\t\t\t\t<div class=\"elementor-widget-container\">\n\t\t\t\t\t\t\t\t\t<p><a href=\"https:\/\/ivysaur.sk\/index.php\/what-we-do\/\">What we do<\/a><\/p>\t\t\t\t\t\t\t\t<\/div>\n\t\t\t\t<\/div>\n\t\t\t\t<\/div>\n\t\t<div class=\"elementor-element elementor-element-dfd519f e-con-full e-flex e-con e-child\" data-id=\"dfd519f\" data-element_type=\"container\">\n\t\t\t\t<div class=\"elementor-element elementor-element-0deb204 elementor-widget elementor-widget-text-editor\" data-id=\"0deb204\" data-element_type=\"widget\" data-widget_type=\"text-editor.default\">\n\t\t\t\t<div class=\"elementor-widget-container\">\n\t\t\t\t\t\t\t\t\t<p><a href=\"https:\/\/ivysaur.sk\/index.php\/what-we-do-2\/\">What Sets Us Apart<\/a><\/p>\t\t\t\t\t\t\t\t<\/div>\n\t\t\t\t<\/div>\n\t\t\t\t<\/div>\n\t\t<div class=\"elementor-element elementor-element-37d4c3c e-con-full e-flex e-con e-child\" data-id=\"37d4c3c\" data-element_type=\"container\">\n\t\t\t\t<div class=\"elementor-element elementor-element-2078bc3 elementor-widget elementor-widget-text-editor\" data-id=\"2078bc3\" data-element_type=\"widget\" data-widget_type=\"text-editor.default\">\n\t\t\t\t<div class=\"elementor-widget-container\">\n\t\t\t\t\t\t\t\t\t<p><a href=\"https:\/\/ivysaur.sk\/index.php\/online-reservation\/\">Reservation Appointement<\/a><\/p>\t\t\t\t\t\t\t\t<\/div>\n\t\t\t\t<\/div>\n\t\t\t\t<\/div>\n\t\t<div class=\"elementor-element elementor-element-0d1bfa3 e-con-full e-flex e-con e-child\" data-id=\"0d1bfa3\" data-element_type=\"container\">\n\t\t\t\t<div class=\"elementor-element elementor-element-edc20f8 elementor-widget elementor-widget-text-editor\" data-id=\"edc20f8\" data-element_type=\"widget\" data-widget_type=\"text-editor.default\">\n\t\t\t\t<div class=\"elementor-widget-container\">\n\t\t\t\t\t\t\t\t\t<p><a href=\"https:\/\/ivysaur.sk\/index.php\/we-work-with\/\">We work with<\/a><\/p>\t\t\t\t\t\t\t\t<\/div>\n\t\t\t\t<\/div>\n\t\t\t\t<\/div>\n\t\t\t\t\t<\/div>\n\t\t\t\t<\/div>\n\t\t\t\t<section class=\"elementor-section elementor-top-section elementor-element elementor-element-f11628f elementor-section-height-min-height elementor-section-boxed elementor-section-height-default elementor-section-items-middle elementor-invisible\" data-id=\"f11628f\" data-element_type=\"section\" data-settings=\"{&quot;background_background&quot;:&quot;classic&quot;,&quot;animation&quot;:&quot;fadeIn&quot;}\">\n\t\t\t\t\t\t\t<div class=\"elementor-background-overlay\"><\/div>\n\t\t\t\t\t\t\t<div class=\"elementor-container elementor-column-gap-default\">\n\t\t\t\t\t<div class=\"elementor-column elementor-col-100 elementor-top-column elementor-element elementor-element-96b67b2\" data-id=\"96b67b2\" data-element_type=\"column\">\n\t\t\t<div class=\"elementor-widget-wrap elementor-element-populated\">\n\t\t\t\t\t\t<div class=\"elementor-element elementor-element-ca1d615 elementor-widget elementor-widget-spacer\" data-id=\"ca1d615\" data-element_type=\"widget\" data-widget_type=\"spacer.default\">\n\t\t\t\t<div class=\"elementor-widget-container\">\n\t\t\t\t\t\t\t<div class=\"elementor-spacer\">\n\t\t\t<div class=\"elementor-spacer-inner\"><\/div>\n\t\t<\/div>\n\t\t\t\t\t\t<\/div>\n\t\t\t\t<\/div>\n\t\t\t\t<div class=\"elementor-element elementor-element-836b41b elementor-invisible elementor-widget elementor-widget-heading\" data-id=\"836b41b\" data-element_type=\"widget\" data-settings=\"{&quot;_animation&quot;:&quot;fadeInUp&quot;,&quot;_animation_delay&quot;:500}\" data-widget_type=\"heading.default\">\n\t\t\t\t<div class=\"elementor-widget-container\">\n\t\t\t\t\t<h3 class=\"elementor-heading-title elementor-size-default\">Contact information<\/h3>\t\t\t\t<\/div>\n\t\t\t\t<\/div>\n\t\t\t\t\t<\/div>\n\t\t<\/div>\n\t\t\t\t\t<\/div>\n\t\t<\/section>\n\t\t\t\t<section class=\"elementor-section elementor-top-section elementor-element elementor-element-5033f1c elementor-section-boxed elementor-section-height-default elementor-section-height-default\" data-id=\"5033f1c\" data-element_type=\"section\" data-settings=\"{&quot;background_background&quot;:&quot;classic&quot;}\">\n\t\t\t\t\t\t<div class=\"elementor-container elementor-column-gap-default\">\n\t\t\t\t\t<div class=\"elementor-column elementor-col-100 elementor-top-column elementor-element elementor-element-cfb94b7\" data-id=\"cfb94b7\" data-element_type=\"column\">\n\t\t\t<div class=\"elementor-widget-wrap elementor-element-populated\">\n\t\t\t\t\t\t<div class=\"elementor-element elementor-element-1f1e703 elementor-widget elementor-widget-heading\" data-id=\"1f1e703\" data-element_type=\"widget\" data-widget_type=\"heading.default\">\n\t\t\t\t<div class=\"elementor-widget-container\">\n\t\t\t\t\t<h2 class=\"elementor-heading-title elementor-size-default\">Contact information<\/h2>\t\t\t\t<\/div>\n\t\t\t\t<\/div>\n\t\t\t\t<div class=\"elementor-element elementor-element-4cecd0c elementor-widget-divider--view-line elementor-widget elementor-widget-divider\" data-id=\"4cecd0c\" data-element_type=\"widget\" data-widget_type=\"divider.default\">\n\t\t\t\t<div class=\"elementor-widget-container\">\n\t\t\t\t\t\t\t<div class=\"elementor-divider\">\n\t\t\t<span class=\"elementor-divider-separator\">\n\t\t\t\t\t\t<\/span>\n\t\t<\/div>\n\t\t\t\t\t\t<\/div>\n\t\t\t\t<\/div>\n\t\t\t\t\t<\/div>\n\t\t<\/div>\n\t\t\t\t\t<\/div>\n\t\t<\/section>\n\t\t<div class=\"elementor-element elementor-element-045fd82 e-flex e-con-boxed e-con e-parent\" data-id=\"045fd82\" data-element_type=\"container\">\n\t\t\t\t\t<div class=\"e-con-inner\">\n\t\t\t\t<div class=\"elementor-element elementor-element-977a4a5 elementor-widget elementor-widget-contact\" data-id=\"977a4a5\" data-element_type=\"widget\" data-settings=\"{&quot;layout_column_structure&quot;:&quot;50-50&quot;,&quot;map_position_horizontal&quot;:&quot;end&quot;,&quot;map_position_horizontal_tablet&quot;:&quot;end&quot;,&quot;map_position_horizontal_mobile&quot;:&quot;end&quot;,&quot;map_shape&quot;:&quot;sharp&quot;,&quot;box_shape&quot;:&quot;sharp&quot;}\" data-widget_type=\"contact.default\">\n\t\t\t\t<div class=\"elementor-widget-container\">\n\t\t\t\t\t\t\t<div class=\"has-shape-sharp shape-type-box ehp-contact has-preset-locate\">\n\t\t\t<div class=\"ehp-contact__overlay\"><\/div>\n\t\t\t<div class=\"has-column-structure-50-50  ehp-contact__elements-container has-map-h-position-end has-map-h-position-md-end has-map-h-position-sm-end\">\n\t\t\t\t\t\t<div class=\"ehp-contact__text-container\">\n\t\t\t<div class=\"ehp-contact__headings\">\n\t\t\t\t<h2 class=\"ehp-contact__heading\">www.ivysaur.sk<\/h2><p class=\"ehp-contact__description\">Responsible chartered Real Estate Agent - Ing. Jozef Kremnick\u00fd\n\nEPC - EUROPEAN PROFESSIONAL CARD\nEPC Certificate\nNumber: 05-3502-R1X8\n\nLegal representative and Managing Director - Dr. Marino Sbisa' <\/p>\t\t\t<\/div>\n\t\t\t<div class=\"ehp-contact__groups\">\n\t\t\t\t\t\t<div class=\"ehp-contact__group\">\n\t\t\t<h3 class=\"ehp-contact__subheading\">Let's talk<\/h3>\t\t<div class=\"ehp-contact__links-container\">\n\t\t\t\t\t\t\t<a aria-label=\"Call\" class=\"ehp-contact__contact-link\" href=\"tel:+421 (0)910 732 839\" rel=\"noopener noreferrer\">\n\t\t\t\t\t<svg aria-hidden=\"true\" class=\"ehp-contact__contact-link-icon e-font-icon-svg e-fas-phone-alt\" viewBox=\"0 0 512 512\" xmlns=\"http:\/\/www.w3.org\/2000\/svg\"><path d=\"M497.39 361.8l-112-48a24 24 0 0 0-28 6.9l-49.6 60.6A370.66 370.66 0 0 1 130.6 204.11l60.6-49.6a23.94 23.94 0 0 0 6.9-28l-48-112A24.16 24.16 0 0 0 122.6.61l-104 24A24 24 0 0 0 0 48c0 256.5 207.9 464 464 464a24 24 0 0 0 23.4-18.6l24-104a24.29 24.29 0 0 0-14.01-27.6z\"><\/path><\/svg><span class=\"ehp-contact__contact-link-label\">Call<\/span>\t\t\t\t<\/a>\n\t\t\t\t\t\t\t\t<a aria-label=\"Email\" class=\"ehp-contact__contact-link\" href=\"mailto:info@ivysaur.sk\" rel=\"noopener noreferrer\">\n\t\t\t\t\t<svg aria-hidden=\"true\" class=\"ehp-contact__contact-link-icon e-font-icon-svg e-fas-envelope\" viewBox=\"0 0 512 512\" xmlns=\"http:\/\/www.w3.org\/2000\/svg\"><path d=\"M502.3 190.8c3.9-3.1 9.7-.2 9.7 4.7V400c0 26.5-21.5 48-48 48H48c-26.5 0-48-21.5-48-48V195.6c0-5 5.7-7.8 9.7-4.7 22.4 17.4 52.1 39.5 154.1 113.6 21.1 15.4 56.7 47.8 92.2 47.6 35.7.3 72-32.8 92.3-47.6 102-74.1 131.6-96.3 154-113.7zM256 320c23.2.4 56.6-29.2 73.4-41.4 132.7-96.3 142.8-104.7 173.4-128.7 5.8-4.5 9.2-11.5 9.2-18.9v-19c0-26.5-21.5-48-48-48H48C21.5 64 0 85.5 0 112v19c0 7.4 3.4 14.3 9.2 18.9 30.6 23.9 40.7 32.4 173.4 128.7 16.8 12.2 50.2 41.8 73.4 41.4z\"><\/path><\/svg><span class=\"ehp-contact__contact-link-label\">Email<\/span>\t\t\t\t<\/a>\n\t\t\t\t\t\t<\/div>\n\t\t\t\t<\/div>\n\t\t\t\t<div class=\"ehp-contact__group ehp-contact__group\">\n\t\t\t<h3 class=\"ehp-contact__subheading\">Hours<\/h3><p class=\"ehp-contact__contact-text\">M-F 9am-6pm<\/p>\t\t<\/div>\n\t\t\t\t<div class=\"ehp-contact__group ehp-contact__group ehp-contact__group\">\n\t\t\t<h3 class=\"ehp-contact__subheading\">Visit<\/h3>\t\t<div class=\"ehp-contact__links-container ehp-contact__links-container\">\n\t\t\t\t\t\t\t<a aria-label=\"Call Visit\" class=\"ehp-contact__contact-link ehp-contact__contact-link\" href=\"tel:+421 (0)910 732 839 \" rel=\"noopener noreferrer noopener noreferrer\">\n\t\t\t\t\t<svg aria-hidden=\"true\" class=\"ehp-contact__contact-link-icon e-font-icon-svg e-fas-map-marker-alt\" viewBox=\"0 0 384 512\" xmlns=\"http:\/\/www.w3.org\/2000\/svg\"><path d=\"M172.268 501.67C26.97 291.031 0 269.413 0 192 0 85.961 85.961 0 192 0s192 85.961 192 192c0 77.413-26.97 99.031-172.268 309.67-9.535 13.774-29.93 13.773-39.464 0zM192 272c44.183 0 80-35.817 80-80s-35.817-80-80-80-80 35.817-80 80 35.817 80 80 80z\"><\/path><\/svg><span class=\"ehp-contact__contact-link-label\">Visit<\/span>\t\t\t\t<\/a>\n\t\t\t\t\t\t<\/div>\n\t\t\t\t<\/div>\n\t\t\t\t<div class=\"ehp-contact__group ehp-contact__group ehp-contact__group ehp-contact__group\">\n\t\t\t<h3 class=\"ehp-contact__subheading\">Follow<\/h3>\t\t<div class=\"ehp-contact__social-icons-container\">\n\t\t\t\t\t\t\t<a aria-label=\"Instagram\" class=\"ehp-contact__social-link\" rel=\"noopener noreferrer\" href=\"https:\/\/www.instagram.com\/\">\n\t\t\t\t\t<svg aria-hidden=\"true\" class=\"ehp-contact__contact-social-icon e-font-icon-svg e-fab-instagram\" viewBox=\"0 0 448 512\" xmlns=\"http:\/\/www.w3.org\/2000\/svg\"><path d=\"M224.1 141c-63.6 0-114.9 51.3-114.9 114.9s51.3 114.9 114.9 114.9S339 319.5 339 255.9 287.7 141 224.1 141zm0 189.6c-41.1 0-74.7-33.5-74.7-74.7s33.5-74.7 74.7-74.7 74.7 33.5 74.7 74.7-33.6 74.7-74.7 74.7zm146.4-194.3c0 14.9-12 26.8-26.8 26.8-14.9 0-26.8-12-26.8-26.8s12-26.8 26.8-26.8 26.8 12 26.8 26.8zm76.1 27.2c-1.7-35.9-9.9-67.7-36.2-93.9-26.2-26.2-58-34.4-93.9-36.2-37-2.1-147.9-2.1-184.9 0-35.8 1.7-67.6 9.9-93.9 36.1s-34.4 58-36.2 93.9c-2.1 37-2.1 147.9 0 184.9 1.7 35.9 9.9 67.7 36.2 93.9s58 34.4 93.9 36.2c37 2.1 147.9 2.1 184.9 0 35.9-1.7 67.7-9.9 93.9-36.2 26.2-26.2 34.4-58 36.2-93.9 2.1-37 2.1-147.8 0-184.8zM398.8 388c-7.8 19.6-22.9 34.7-42.6 42.6-29.5 11.7-99.5 9-132.1 9s-102.7 2.6-132.1-9c-19.6-7.8-34.7-22.9-42.6-42.6-11.7-29.5-9-99.5-9-132.1s-2.6-102.7 9-132.1c7.8-19.6 22.9-34.7 42.6-42.6 29.5-11.7 99.5-9 132.1-9s102.7-2.6 132.1 9c19.6 7.8 34.7 22.9 42.6 42.6 11.7 29.5 9 99.5 9 132.1s2.7 102.7-9 132.1z\"><\/path><\/svg>\t\t\t\t<\/a>\n\t\t\t\t\t\t\t\t<a aria-label=\"Tiktok\" class=\"ehp-contact__social-link\" rel=\"noopener noreferrer\" href=\"https:\/\/www.tiktok.com\/\">\n\t\t\t\t\t<svg aria-hidden=\"true\" class=\"ehp-contact__contact-social-icon e-font-icon-svg e-fab-tiktok\" viewBox=\"0 0 448 512\" xmlns=\"http:\/\/www.w3.org\/2000\/svg\"><path d=\"M448,209.91a210.06,210.06,0,0,1-122.77-39.25V349.38A162.55,162.55,0,1,1,185,188.31V278.2a74.62,74.62,0,1,0,52.23,71.18V0l88,0a121.18,121.18,0,0,0,1.86,22.17h0A122.18,122.18,0,0,0,381,102.39a121.43,121.43,0,0,0,67,20.14Z\"><\/path><\/svg>\t\t\t\t<\/a>\n\t\t\t\t\t\t\t\t<a aria-label=\"X (Twitter)\" class=\"ehp-contact__social-link\" rel=\"noopener noreferrer\" href=\"https:\/\/www.twitter.com\/\">\n\t\t\t\t\t<svg aria-hidden=\"true\" class=\"ehp-contact__contact-social-icon e-font-icon-svg e-fab-x-twitter\" viewBox=\"0 0 512 512\" xmlns=\"http:\/\/www.w3.org\/2000\/svg\"><path d=\"M389.2 48h70.6L305.6 224.2 487 464H345L233.7 318.6 106.5 464H35.8L200.7 275.5 26.8 48H172.4L272.9 180.9 389.2 48zM364.4 421.8h39.1L151.1 88h-42L364.4 421.8z\"><\/path><\/svg>\t\t\t\t<\/a>\n\t\t\t\t\t\t<\/div>\n\t\t\t\t<\/div>\n\t\t\t\t\t<\/div>\n\t\t<\/div>\n\t\t\t\t<div class=\"ehp-contact__map-container\">\n\t\t\t<div class=\"has-shape-sharp shape-type-map ehp-contact__map elementor-custom-embed\">\n\t\t\t\t<iframe loading=\"lazy\"\n\t\t\t\t\t\tsrc=\"https:\/\/maps.google.com\/maps?q=%C4%BDudov%C3%ADta%20Fullu%203416%2F9A%2C%20Bratislava%2C%20Slovakia%20-%20%20841%2005&#038;t=m&#038;z=10&#038;output=embed&#038;iwloc=near\"\n\t\t\t\t\t\ttitle=\"\u013dudov\u00edta Fullu 3416\/9A, Bratislava, Slovakia -  841 05\"\n\t\t\t\t\t\taria-label=\"\u013dudov\u00edta Fullu 3416\/9A, Bratislava, Slovakia -  841 05\"\n\t\t\t\t><\/iframe>\n\t\t\t<\/div>\n\t\t<\/div>\n\t\t\t\t\t<\/div>\n\t\t<\/div>\n\t\t\t\t\t\t<\/div>\n\t\t\t\t<\/div>\n\t\t\t\t\t<\/div>\n\t\t\t\t<\/div>\n\t\t\t\t<section class=\"elementor-section elementor-top-section elementor-element elementor-element-d3b6d49 elementor-section-boxed elementor-section-height-default elementor-section-height-default\" data-id=\"d3b6d49\" data-element_type=\"section\" data-settings=\"{&quot;background_background&quot;:&quot;classic&quot;}\">\n\t\t\t\t\t\t\t<div class=\"elementor-background-overlay\"><\/div>\n\t\t\t\t\t\t\t<div class=\"elementor-container elementor-column-gap-default\">\n\t\t\t\t\t<div class=\"elementor-column elementor-col-100 elementor-top-column elementor-element elementor-element-a7e9378\" data-id=\"a7e9378\" data-element_type=\"column\">\n\t\t\t<div class=\"elementor-widget-wrap elementor-element-populated\">\n\t\t\t\t\t\t<section class=\"elementor-section elementor-inner-section elementor-element elementor-element-b2ef2d8 elementor-section-boxed elementor-section-height-default elementor-section-height-default\" data-id=\"b2ef2d8\" data-element_type=\"section\">\n\t\t\t\t\t\t<div class=\"elementor-container elementor-column-gap-default\">\n\t\t\t\t\t<div class=\"elementor-column elementor-col-100 elementor-inner-column elementor-element elementor-element-46f768a\" data-id=\"46f768a\" data-element_type=\"column\">\n\t\t\t<div class=\"elementor-widget-wrap elementor-element-populated\">\n\t\t\t\t\t\t<div class=\"elementor-element elementor-element-495f537 elementor-widget elementor-widget-text-editor\" data-id=\"495f537\" data-element_type=\"widget\" data-widget_type=\"text-editor.default\">\n\t\t\t\t<div class=\"elementor-widget-container\">\n\t\t\t\t\t\t\t\t\t<p>Ivysaur 2025\u00a0|\u00a0V\u0161etky pr\u00e1va vyhraden\u00e9<\/p>\t\t\t\t\t\t\t\t<\/div>\n\t\t\t\t<\/div>\n\t\t\t\t\t<\/div>\n\t\t<\/div>\n\t\t\t\t\t<\/div>\n\t\t<\/section>\n\t\t\t\t\t<\/div>\n\t\t<\/div>\n\t\t\t\t\t<\/div>\n\t\t<\/section>\n\t\t\t\t<\/div>\n\t\t","protected":false},"excerpt":{"rendered":"<p>Ivysaur s. r. o. Home What we do What Sets Us Apart Reservation Appointement We work with Contact information Contact information www.ivysaur.sk Responsible chartered Real Estate Agent &#8211; Ing. Jozef Kremnick\u00fd EPC &#8211; EUROPEAN PROFESSIONAL CARD EPC Certificate Number: 05-3502-R1X8 Legal representative and Managing Director &#8211; Dr. Marino Sbisa&#8217; Let&#8217;s talk Call Email Hours M-F [&hellip;]<\/p>\n","protected":false},"author":1,"featured_media":0,"parent":0,"menu_order":0,"comment_status":"closed","ping_status":"closed","template":"elementor_canvas","meta":{"footnotes":""},"class_list":["post-180","page","type-page","status-publish","hentry"],"_links":{"self":[{"href":"https:\/\/ivysaur.sk\/index.php\/wp-json\/wp\/v2\/pages\/180","targetHints":{"allow":["GET"]}}],"collection":[{"href":"https:\/\/ivysaur.sk\/index.php\/wp-json\/wp\/v2\/pages"}],"about":[{"href":"https:\/\/ivysaur.sk\/index.php\/wp-json\/wp\/v2\/types\/page"}],"author":[{"embeddable":true,"href":"https:\/\/ivysaur.sk\/index.php\/wp-json\/wp\/v2\/users\/1"}],"replies":[{"embeddable":true,"href":"https:\/\/ivysaur.sk\/index.php\/wp-json\/wp\/v2\/comments?post=180"}],"version-history":[{"count":13,"href":"https:\/\/ivysaur.sk\/index.php\/wp-json\/wp\/v2\/pages\/180\/revisions"}],"predecessor-version":[{"id":426,"href":"https:\/\/ivysaur.sk\/index.php\/wp-json\/wp\/v2\/pages\/180\/revisions\/426"}],"wp:attachment":[{"href":"https:\/\/ivysaur.sk\/index.php\/wp-json\/wp\/v2\/media?parent=180"}],"curies":[{"name":"wp","href":"https:\/\/api.w.org\/{rel}","templated":true}]}}