{"id":251,"date":"2025-06-16T10:11:53","date_gmt":"2025-06-16T10:11:53","guid":{"rendered":"https:\/\/ivysaur.sk\/?page_id=251"},"modified":"2025-06-16T14:42:23","modified_gmt":"2025-06-16T14:42:23","slug":"co-robime-what-we-do","status":"publish","type":"page","link":"https:\/\/ivysaur.sk\/index.php\/co-robime-what-we-do\/","title":{"rendered":"\u010co rob\u00edme (What we do)"},"content":{"rendered":"\t\t<div data-elementor-type=\"wp-page\" data-elementor-id=\"251\" class=\"elementor elementor-251\">\n\t\t\t\t<div class=\"elementor-element elementor-element-e8e0763 e-flex e-con-boxed e-con e-parent\" data-id=\"e8e0763\" data-element_type=\"container\" data-settings=\"{&quot;background_background&quot;:&quot;classic&quot;}\">\n\t\t\t\t\t<div class=\"e-con-inner\">\n\t\t<div class=\"elementor-element elementor-element-ffdff80 e-con-full e-flex e-con e-child\" data-id=\"ffdff80\" data-element_type=\"container\">\n\t\t\t\t<div class=\"elementor-element elementor-element-7394b0c elementor-widget elementor-widget-text-editor\" data-id=\"7394b0c\" data-element_type=\"widget\" data-widget_type=\"text-editor.default\">\n\t\t\t\t<div class=\"elementor-widget-container\">\n\t\t\t\t\t\t\t\t\t<p>Ivysaur s. r. o.<\/p>\t\t\t\t\t\t\t\t<\/div>\n\t\t\t\t<\/div>\n\t\t\t\t<\/div>\n\t\t<div class=\"elementor-element elementor-element-3c90676 e-con-full e-flex e-con e-child\" data-id=\"3c90676\" data-element_type=\"container\">\n\t\t<div class=\"elementor-element elementor-element-fa9c296 e-con-full e-grid e-con e-child\" data-id=\"fa9c296\" data-element_type=\"container\">\n\t\t\t\t<div class=\"elementor-element elementor-element-e487544 elementor-widget elementor-widget-image\" data-id=\"e487544\" data-element_type=\"widget\" data-widget_type=\"image.default\">\n\t\t\t\t<div class=\"elementor-widget-container\">\n\t\t\t\t\t\t\t\t\t\t\t\t\t\t\t<img decoding=\"async\" width=\"100\" height=\"100\" src=\"https:\/\/ivysaur.sk\/wp-content\/uploads\/2025\/06\/italia.png\" class=\"attachment-large size-large wp-image-148\" alt=\"\" \/>\t\t\t\t\t\t\t\t\t\t\t\t\t\t\t<\/div>\n\t\t\t\t<\/div>\n\t\t\t\t<div class=\"elementor-element elementor-element-1c307e0 elementor-widget elementor-widget-image\" data-id=\"1c307e0\" data-element_type=\"widget\" data-widget_type=\"image.default\">\n\t\t\t\t<div class=\"elementor-widget-container\">\n\t\t\t\t\t\t\t\t\t\t\t\t\t\t\t\t<a href=\"https:\/\/ivysaur.sk\/\" target=\"_blank\">\n\t\t\t\t\t\t\t<img decoding=\"async\" width=\"100\" height=\"100\" src=\"https:\/\/ivysaur.sk\/wp-content\/uploads\/2025\/06\/england.png\" class=\"attachment-large size-large wp-image-243\" alt=\"\" \/>\t\t\t\t\t\t\t\t<\/a>\n\t\t\t\t\t\t\t\t\t\t\t\t\t\t\t<\/div>\n\t\t\t\t<\/div>\n\t\t\t\t<\/div>\n\t\t\t\t<\/div>\n\t\t<div class=\"elementor-element elementor-element-1e1a6bc e-con-full e-flex e-con e-child\" data-id=\"1e1a6bc\" data-element_type=\"container\">\n\t\t\t\t<div class=\"elementor-element elementor-element-44075e8 elementor-widget elementor-widget-text-editor\" data-id=\"44075e8\" data-element_type=\"widget\" data-widget_type=\"text-editor.default\">\n\t\t\t\t<div class=\"elementor-widget-container\">\n\t\t\t\t\t\t\t\t\t<p class=\"elementor-heading-title elementor-size-default\"><a href=\"https:\/\/ivysaur.sk\/index.php\/domov\/\">Home<\/a><\/p>\t\t\t\t\t\t\t\t<\/div>\n\t\t\t\t<\/div>\n\t\t\t\t<\/div>\n\t\t<div class=\"elementor-element elementor-element-8f8f13a e-con-full e-flex e-con e-child\" data-id=\"8f8f13a\" data-element_type=\"container\">\n\t\t\t\t<div class=\"elementor-element elementor-element-5163bb3 elementor-widget elementor-widget-text-editor\" data-id=\"5163bb3\" data-element_type=\"widget\" data-widget_type=\"text-editor.default\">\n\t\t\t\t<div class=\"elementor-widget-container\">\n\t\t\t\t\t\t\t\t\t<p class=\"elementor-heading-title elementor-size-default\"><a href=\"https:\/\/ivysaur.sk\/index.php\/co-robime-what-we-do\/\">\u010co rob\u00edme<\/a><\/p>\t\t\t\t\t\t\t\t<\/div>\n\t\t\t\t<\/div>\n\t\t\t\t<\/div>\n\t\t<div class=\"elementor-element elementor-element-0aaa17a e-con-full e-flex e-con e-child\" data-id=\"0aaa17a\" data-element_type=\"container\">\n\t\t\t\t<div class=\"elementor-element elementor-element-2a431ee elementor-widget elementor-widget-text-editor\" data-id=\"2a431ee\" data-element_type=\"widget\" data-widget_type=\"text-editor.default\">\n\t\t\t\t<div class=\"elementor-widget-container\">\n\t\t\t\t\t\t\t\t\t<p class=\"elementor-heading-title elementor-size-default\"><a href=\"https:\/\/ivysaur.sk\/index.php\/co-nas-odlisuje-what-sets-us-apart\/\">\u010co n\u00e1s odli\u0161uje<\/a><\/p>\t\t\t\t\t\t\t\t<\/div>\n\t\t\t\t<\/div>\n\t\t\t\t<\/div>\n\t\t<div class=\"elementor-element elementor-element-02b2784 e-con-full e-flex e-con e-child\" data-id=\"02b2784\" data-element_type=\"container\">\n\t\t\t\t<div class=\"elementor-element elementor-element-412b74d elementor-widget elementor-widget-text-editor\" data-id=\"412b74d\" data-element_type=\"widget\" data-widget_type=\"text-editor.default\">\n\t\t\t\t<div class=\"elementor-widget-container\">\n\t\t\t\t\t\t\t\t\t<p class=\"elementor-heading-title elementor-size-default\"><a href=\"https:\/\/ivysaur.sk\/index.php\/s-kym-pracujeme-we-work-with\/\">S k\u00fdm pracujeme<\/a><\/p>\t\t\t\t\t\t\t\t<\/div>\n\t\t\t\t<\/div>\n\t\t\t\t<\/div>\n\t\t<div class=\"elementor-element elementor-element-6e03f65 e-con-full e-flex e-con e-child\" data-id=\"6e03f65\" data-element_type=\"container\">\n\t\t\t\t<div class=\"elementor-element elementor-element-ae32370 elementor-widget elementor-widget-text-editor\" data-id=\"ae32370\" data-element_type=\"widget\" data-widget_type=\"text-editor.default\">\n\t\t\t\t<div class=\"elementor-widget-container\">\n\t\t\t\t\t\t\t\t\t<p class=\"elementor-heading-title elementor-size-default\"><a href=\"https:\/\/ivysaur.sk\/index.php\/rezervacia-stretnutia-reservation-appointment\/\">Online rezerv\u00e1cia<\/a><\/p>\t\t\t\t\t\t\t\t<\/div>\n\t\t\t\t<\/div>\n\t\t\t\t<\/div>\n\t\t<div class=\"elementor-element elementor-element-c46f040 e-con-full e-flex e-con e-child\" data-id=\"c46f040\" data-element_type=\"container\">\n\t\t\t\t<div class=\"elementor-element elementor-element-3189a4b elementor-widget elementor-widget-text-editor\" data-id=\"3189a4b\" data-element_type=\"widget\" data-widget_type=\"text-editor.default\">\n\t\t\t\t<div class=\"elementor-widget-container\">\n\t\t\t\t\t\t\t\t\t<p class=\"elementor-heading-title elementor-size-default\"><a href=\"https:\/\/ivysaur.sk\/index.php\/kontakt-contact\/\">Kontaktn\u00e9\u00a0<\/a><\/p>\t\t\t\t\t\t\t\t<\/div>\n\t\t\t\t<\/div>\n\t\t\t\t<\/div>\n\t\t\t\t\t<\/div>\n\t\t\t\t<\/div>\n\t\t\t\t<section class=\"elementor-section elementor-top-section elementor-element elementor-element-f11628f elementor-section-height-min-height elementor-section-boxed elementor-section-height-default elementor-section-items-middle elementor-invisible\" data-id=\"f11628f\" data-element_type=\"section\" data-settings=\"{&quot;background_background&quot;:&quot;classic&quot;,&quot;animation&quot;:&quot;fadeIn&quot;}\">\n\t\t\t\t\t\t\t<div class=\"elementor-background-overlay\"><\/div>\n\t\t\t\t\t\t\t<div class=\"elementor-container elementor-column-gap-default\">\n\t\t\t\t\t<div class=\"elementor-column elementor-col-100 elementor-top-column elementor-element elementor-element-96b67b2\" data-id=\"96b67b2\" data-element_type=\"column\">\n\t\t\t<div class=\"elementor-widget-wrap elementor-element-populated\">\n\t\t\t\t\t\t<div class=\"elementor-element elementor-element-ca1d615 elementor-widget elementor-widget-spacer\" data-id=\"ca1d615\" data-element_type=\"widget\" data-widget_type=\"spacer.default\">\n\t\t\t\t<div class=\"elementor-widget-container\">\n\t\t\t\t\t\t\t<div class=\"elementor-spacer\">\n\t\t\t<div class=\"elementor-spacer-inner\"><\/div>\n\t\t<\/div>\n\t\t\t\t\t\t<\/div>\n\t\t\t\t<\/div>\n\t\t\t\t<div class=\"elementor-element elementor-element-836b41b elementor-invisible elementor-widget elementor-widget-heading\" data-id=\"836b41b\" data-element_type=\"widget\" data-settings=\"{&quot;_animation&quot;:&quot;fadeInUp&quot;,&quot;_animation_delay&quot;:500}\" data-widget_type=\"heading.default\">\n\t\t\t\t<div class=\"elementor-widget-container\">\n\t\t\t\t\t<h3 class=\"elementor-heading-title elementor-size-default\">\u010co rob\u00edme<\/h3>\t\t\t\t<\/div>\n\t\t\t\t<\/div>\n\t\t\t\t<div class=\"elementor-element elementor-element-2bdbc09 elementor-widget elementor-widget-text-editor\" data-id=\"2bdbc09\" data-element_type=\"widget\" data-widget_type=\"text-editor.default\">\n\t\t\t\t<div class=\"elementor-widget-container\">\n\t\t\t\t\t\t\t\t\t<p>\u201eNepred\u00e1vame majetok. Budujeme vz\u0165ahy.\u201c<\/p>\t\t\t\t\t\t\t\t<\/div>\n\t\t\t\t<\/div>\n\t\t\t\t\t<\/div>\n\t\t<\/div>\n\t\t\t\t\t<\/div>\n\t\t<\/section>\n\t\t\t\t<section class=\"elementor-section elementor-top-section elementor-element elementor-element-5033f1c elementor-section-boxed elementor-section-height-default elementor-section-height-default\" data-id=\"5033f1c\" data-element_type=\"section\" data-settings=\"{&quot;background_background&quot;:&quot;classic&quot;}\">\n\t\t\t\t\t\t<div class=\"elementor-container elementor-column-gap-default\">\n\t\t\t\t\t<div class=\"elementor-column elementor-col-100 elementor-top-column elementor-element elementor-element-cfb94b7\" data-id=\"cfb94b7\" data-element_type=\"column\">\n\t\t\t<div class=\"elementor-widget-wrap elementor-element-populated\">\n\t\t\t\t\t\t<div class=\"elementor-element elementor-element-1f1e703 elementor-widget elementor-widget-heading\" data-id=\"1f1e703\" data-element_type=\"widget\" data-widget_type=\"heading.default\">\n\t\t\t\t<div class=\"elementor-widget-container\">\n\t\t\t\t\t<h2 class=\"elementor-heading-title elementor-size-default\">Na\u0161e ponuky pre v\u00e1s\n<\/h2>\t\t\t\t<\/div>\n\t\t\t\t<\/div>\n\t\t\t\t<div class=\"elementor-element elementor-element-ce939cc elementor-widget elementor-widget-text-editor\" data-id=\"ce939cc\" data-element_type=\"widget\" data-widget_type=\"text-editor.default\">\n\t\t\t\t<div class=\"elementor-widget-container\">\n\t\t\t\t\t\t\t\t\t<p id=\"wnd_TextBlock_79791747076968315744_inner_1\" class=\"wnd-align-justify\" data-wnd_is_separable=\"1\" data-wnd_separable_index=\"1\" data-wnd_separable_id=\"wnd_TextBlock_79791747076968315744\"><b>Sprostredkovanie nehnute\u013enost\u00ed<\/b><\/p><p id=\"wnd_TextBlock_79791747076968315744_inner_2\" class=\"wnd-align-justify\" data-wnd_is_separable=\"1\" data-wnd_separable_index=\"2\" data-wnd_separable_id=\"wnd_TextBlock_79791747076968315744\">Pom\u00e1hame v\u00e1m s akviz\u00edciou a predajom hotelov\u00fdch komplexov, n\u00e1kupn\u00fdch centier,<br \/>nebytov\u00fdch kancel\u00e1rskych budov a pozemkov na komer\u010dn\u00fd a priemyseln\u00fd rozvoj.<br \/>Rozumieme skuto\u010dnej dynamike ka\u017ed\u00e9ho sektora a pom\u00e1hame efekt\u00edvne zos\u00faladi\u0165<br \/>ponuku a dopyt.<\/p>\t\t\t\t\t\t\t\t<\/div>\n\t\t\t\t<\/div>\n\t\t\t\t<div class=\"elementor-element elementor-element-4cecd0c elementor-widget-divider--view-line elementor-widget elementor-widget-divider\" data-id=\"4cecd0c\" data-element_type=\"widget\" data-widget_type=\"divider.default\">\n\t\t\t\t<div class=\"elementor-widget-container\">\n\t\t\t\t\t\t\t<div class=\"elementor-divider\">\n\t\t\t<span class=\"elementor-divider-separator\">\n\t\t\t\t\t\t<\/span>\n\t\t<\/div>\n\t\t\t\t\t\t<\/div>\n\t\t\t\t<\/div>\n\t\t\t\t<div class=\"elementor-element elementor-element-b411afb elementor-widget elementor-widget-text-editor\" data-id=\"b411afb\" data-element_type=\"widget\" data-widget_type=\"text-editor.default\">\n\t\t\t\t<div class=\"elementor-widget-container\">\n\t\t\t\t\t\t\t\t\t<p id=\"wnd_TextBlock_59451747079916833_inner_0\" class=\"wnd-align-justify\" data-wnd_is_separable=\"1\" data-wnd_separable_index=\"0\" data-wnd_separable_id=\"wnd_TextBlock_59451747079916833\"><b>Trhov\u00e9 poradenstvo<\/b><\/p><p>Pom\u00e1hame profesion\u00e1lom a spolo\u010dnostiam identifikova\u0165 najziskovej\u0161ie trhy na<br \/>z\u00e1klade konkr\u00e9tnych \u00fadajov, lok\u00e1lnych podmienok a strategick\u00e9ho postavenia. Na\u0161e<\/p><p>poznatky s\u00fa zalo\u017een\u00e9 na re\u00e1lnych sk\u00fasenostiach \u2013 nie na predpokladoch \u2013 \u010do na\u0161im<br \/>klientom zabezpe\u010duje, aby robili informovan\u00e9 a bud\u00facnos\u0165 zabezpe\u010den\u00e9 rozhodnutia.<\/p>\t\t\t\t\t\t\t\t<\/div>\n\t\t\t\t<\/div>\n\t\t\t\t<div class=\"elementor-element elementor-element-b817eae elementor-widget-divider--view-line elementor-widget elementor-widget-divider\" data-id=\"b817eae\" data-element_type=\"widget\" data-widget_type=\"divider.default\">\n\t\t\t\t<div class=\"elementor-widget-container\">\n\t\t\t\t\t\t\t<div class=\"elementor-divider\">\n\t\t\t<span class=\"elementor-divider-separator\">\n\t\t\t\t\t\t<\/span>\n\t\t<\/div>\n\t\t\t\t\t\t<\/div>\n\t\t\t\t<\/div>\n\t\t\t\t<div class=\"elementor-element elementor-element-1352c1d elementor-widget elementor-widget-text-editor\" data-id=\"1352c1d\" data-element_type=\"widget\" data-widget_type=\"text-editor.default\">\n\t\t\t\t<div class=\"elementor-widget-container\">\n\t\t\t\t\t\t\t\t\t<p id=\"wnd_TextBlock_26381747079951407_inner_0\" class=\"wnd-align-justify\" data-wnd_is_separable=\"1\" data-wnd_separable_index=\"0\" data-wnd_separable_id=\"wnd_TextBlock_26381747079951407\"><b>Konzult\u00e1cie na trhu E\u00da<\/b><\/p><p id=\"wnd_TextBlock_79791747076968315744_inner_2\" class=\"wnd-align-justify\" data-wnd_is_separable=\"1\" data-wnd_separable_index=\"2\" data-wnd_separable_id=\"wnd_TextBlock_79791747076968315744\">Podporujeme kupuj\u00facich pri sk\u00faman\u00ed pr\u00edle\u017eitost\u00ed na r\u00f4znych eur\u00f3pskych trhoch.<br \/>V\u010faka d\u00f4kladnej znalosti r\u00f4znych pr\u00e1vnych, finan\u010dn\u00fdch a administrat\u00edvnych<br \/>syst\u00e9mov im pom\u00e1hame zorientova\u0165 sa v zlo\u017eitosti a odhali\u0165 potenci\u00e1l.<\/p>\t\t\t\t\t\t\t\t<\/div>\n\t\t\t\t<\/div>\n\t\t\t\t<div class=\"elementor-element elementor-element-6e84b33 elementor-widget-divider--view-line elementor-widget elementor-widget-divider\" data-id=\"6e84b33\" data-element_type=\"widget\" data-widget_type=\"divider.default\">\n\t\t\t\t<div class=\"elementor-widget-container\">\n\t\t\t\t\t\t\t<div class=\"elementor-divider\">\n\t\t\t<span class=\"elementor-divider-separator\">\n\t\t\t\t\t\t<\/span>\n\t\t<\/div>\n\t\t\t\t\t\t<\/div>\n\t\t\t\t<\/div>\n\t\t\t\t<div class=\"elementor-element elementor-element-c7f29c0 elementor-widget elementor-widget-text-editor\" data-id=\"c7f29c0\" data-element_type=\"widget\" data-widget_type=\"text-editor.default\">\n\t\t\t\t<div class=\"elementor-widget-container\">\n\t\t\t\t\t\t\t\t\t<p id=\"wnd_TextBlock_26381747079951407_inner_0\" class=\"wnd-align-justify\" data-wnd_is_separable=\"1\" data-wnd_separable_index=\"0\" data-wnd_separable_id=\"wnd_TextBlock_26381747079951407\"><b>Anal\u00fdza n\u00e1kladov<\/b><\/p><p id=\"wnd_TextBlock_79791747076968315744_inner_2\" class=\"wnd-align-justify\" data-wnd_is_separable=\"1\" data-wnd_separable_index=\"2\" data-wnd_separable_id=\"wnd_TextBlock_79791747076968315744\">Analyzujeme priame aj nepriame n\u00e1klady spojen\u00e9 s nadobudnut\u00edm ak\u00fdchko\u013evek<br \/>nehnute\u013enost\u00ed, najm\u00e4 na zahrani\u010dn\u00fdch trhoch. Pochopenie celkov\u00fdch investi\u010dn\u00fdch<br \/>n\u00e1kladov je nevyhnutn\u00e9 pre minimaliz\u00e1ciu rizika a ochranu dlhodobej hodnoty.<\/p>\t\t\t\t\t\t\t\t<\/div>\n\t\t\t\t<\/div>\n\t\t\t\t\t<\/div>\n\t\t<\/div>\n\t\t\t\t\t<\/div>\n\t\t<\/section>\n\t\t\t\t<section class=\"elementor-section elementor-top-section elementor-element elementor-element-d3b6d49 elementor-section-boxed elementor-section-height-default elementor-section-height-default\" data-id=\"d3b6d49\" data-element_type=\"section\" data-settings=\"{&quot;background_background&quot;:&quot;classic&quot;}\">\n\t\t\t\t\t\t\t<div class=\"elementor-background-overlay\"><\/div>\n\t\t\t\t\t\t\t<div class=\"elementor-container elementor-column-gap-default\">\n\t\t\t\t\t<div class=\"elementor-column elementor-col-100 elementor-top-column elementor-element elementor-element-a7e9378\" data-id=\"a7e9378\" data-element_type=\"column\">\n\t\t\t<div class=\"elementor-widget-wrap elementor-element-populated\">\n\t\t\t\t\t\t<section class=\"elementor-section elementor-inner-section elementor-element elementor-element-b2ef2d8 elementor-section-boxed elementor-section-height-default elementor-section-height-default\" data-id=\"b2ef2d8\" data-element_type=\"section\">\n\t\t\t\t\t\t<div class=\"elementor-container elementor-column-gap-default\">\n\t\t\t\t\t<div class=\"elementor-column elementor-col-100 elementor-inner-column elementor-element elementor-element-46f768a\" data-id=\"46f768a\" data-element_type=\"column\">\n\t\t\t<div class=\"elementor-widget-wrap elementor-element-populated\">\n\t\t\t\t\t\t<div class=\"elementor-element elementor-element-495f537 elementor-widget elementor-widget-text-editor\" data-id=\"495f537\" data-element_type=\"widget\" data-widget_type=\"text-editor.default\">\n\t\t\t\t<div class=\"elementor-widget-container\">\n\t\t\t\t\t\t\t\t\t<p>Ivysaur 2025\u00a0|\u00a0V\u0161etky pr\u00e1va vyhraden\u00e9<\/p>\t\t\t\t\t\t\t\t<\/div>\n\t\t\t\t<\/div>\n\t\t\t\t\t<\/div>\n\t\t<\/div>\n\t\t\t\t\t<\/div>\n\t\t<\/section>\n\t\t\t\t\t<\/div>\n\t\t<\/div>\n\t\t\t\t\t<\/div>\n\t\t<\/section>\n\t\t\t\t<\/div>\n\t\t","protected":false},"excerpt":{"rendered":"<p>Ivysaur s. r. o. Home \u010co rob\u00edme \u010co n\u00e1s odli\u0161uje S k\u00fdm pracujeme Online rezerv\u00e1cia Kontaktn\u00e9\u00a0 \u010co rob\u00edme \u201eNepred\u00e1vame majetok. Budujeme vz\u0165ahy.\u201c Na\u0161e ponuky pre v\u00e1s Sprostredkovanie nehnute\u013enost\u00ed Pom\u00e1hame v\u00e1m s akviz\u00edciou a predajom hotelov\u00fdch komplexov, n\u00e1kupn\u00fdch centier,nebytov\u00fdch kancel\u00e1rskych budov a pozemkov na komer\u010dn\u00fd a priemyseln\u00fd rozvoj.Rozumieme skuto\u010dnej dynamike ka\u017ed\u00e9ho sektora a pom\u00e1hame efekt\u00edvne zos\u00faladi\u0165ponuku [&hellip;]<\/p>\n","protected":false},"author":1,"featured_media":0,"parent":0,"menu_order":0,"comment_status":"closed","ping_status":"closed","template":"elementor_canvas","meta":{"footnotes":""},"class_list":["post-251","page","type-page","status-publish","hentry"],"_links":{"self":[{"href":"https:\/\/ivysaur.sk\/index.php\/wp-json\/wp\/v2\/pages\/251","targetHints":{"allow":["GET"]}}],"collection":[{"href":"https:\/\/ivysaur.sk\/index.php\/wp-json\/wp\/v2\/pages"}],"about":[{"href":"https:\/\/ivysaur.sk\/index.php\/wp-json\/wp\/v2\/types\/page"}],"author":[{"embeddable":true,"href":"https:\/\/ivysaur.sk\/index.php\/wp-json\/wp\/v2\/users\/1"}],"replies":[{"embeddable":true,"href":"https:\/\/ivysaur.sk\/index.php\/wp-json\/wp\/v2\/comments?post=251"}],"version-history":[{"count":7,"href":"https:\/\/ivysaur.sk\/index.php\/wp-json\/wp\/v2\/pages\/251\/revisions"}],"predecessor-version":[{"id":304,"href":"https:\/\/ivysaur.sk\/index.php\/wp-json\/wp\/v2\/pages\/251\/revisions\/304"}],"wp:attachment":[{"href":"https:\/\/ivysaur.sk\/index.php\/wp-json\/wp\/v2\/media?parent=251"}],"curies":[{"name":"wp","href":"https:\/\/api.w.org\/{rel}","templated":true}]}}