{"id":257,"date":"2025-06-16T14:06:40","date_gmt":"2025-06-16T14:06:40","guid":{"rendered":"https:\/\/ivysaur.sk\/?page_id=257"},"modified":"2025-06-16T14:41:00","modified_gmt":"2025-06-16T14:41:00","slug":"co-nas-odlisuje-what-sets-us-apart","status":"publish","type":"page","link":"https:\/\/ivysaur.sk\/index.php\/co-nas-odlisuje-what-sets-us-apart\/","title":{"rendered":"\u010co n\u00e1s odli\u0161uje (What Sets Us Apart)"},"content":{"rendered":"\t\t<div data-elementor-type=\"wp-page\" data-elementor-id=\"257\" class=\"elementor elementor-257\">\n\t\t\t\t<div class=\"elementor-element elementor-element-bc655c6 e-flex e-con-boxed e-con e-parent\" data-id=\"bc655c6\" data-element_type=\"container\" data-settings=\"{&quot;background_background&quot;:&quot;classic&quot;}\">\n\t\t\t\t\t<div class=\"e-con-inner\">\n\t\t<div class=\"elementor-element elementor-element-b64b502 e-con-full e-flex e-con e-child\" data-id=\"b64b502\" data-element_type=\"container\">\n\t\t\t\t<div class=\"elementor-element elementor-element-d587fdb elementor-widget elementor-widget-text-editor\" data-id=\"d587fdb\" data-element_type=\"widget\" data-widget_type=\"text-editor.default\">\n\t\t\t\t<div class=\"elementor-widget-container\">\n\t\t\t\t\t\t\t\t\t<p>Ivysaur s. r. o.<\/p>\t\t\t\t\t\t\t\t<\/div>\n\t\t\t\t<\/div>\n\t\t\t\t<\/div>\n\t\t<div class=\"elementor-element elementor-element-4019be4 e-con-full e-flex e-con e-child\" data-id=\"4019be4\" data-element_type=\"container\">\n\t\t<div class=\"elementor-element elementor-element-780321d e-con-full e-grid e-con e-child\" data-id=\"780321d\" data-element_type=\"container\">\n\t\t\t\t<div class=\"elementor-element elementor-element-649f0eb elementor-widget elementor-widget-image\" data-id=\"649f0eb\" data-element_type=\"widget\" data-widget_type=\"image.default\">\n\t\t\t\t<div class=\"elementor-widget-container\">\n\t\t\t\t\t\t\t\t\t\t\t\t\t\t\t<img decoding=\"async\" width=\"100\" height=\"100\" src=\"https:\/\/ivysaur.sk\/wp-content\/uploads\/2025\/06\/italia.png\" class=\"attachment-large size-large wp-image-148\" alt=\"\" \/>\t\t\t\t\t\t\t\t\t\t\t\t\t\t\t<\/div>\n\t\t\t\t<\/div>\n\t\t\t\t<div class=\"elementor-element elementor-element-2840686 elementor-widget elementor-widget-image\" data-id=\"2840686\" data-element_type=\"widget\" data-widget_type=\"image.default\">\n\t\t\t\t<div class=\"elementor-widget-container\">\n\t\t\t\t\t\t\t\t\t\t\t\t\t\t\t\t<a href=\"https:\/\/ivysaur.sk\/\" target=\"_blank\">\n\t\t\t\t\t\t\t<img decoding=\"async\" width=\"100\" height=\"100\" src=\"https:\/\/ivysaur.sk\/wp-content\/uploads\/2025\/06\/england.png\" class=\"attachment-large size-large wp-image-243\" alt=\"\" \/>\t\t\t\t\t\t\t\t<\/a>\n\t\t\t\t\t\t\t\t\t\t\t\t\t\t\t<\/div>\n\t\t\t\t<\/div>\n\t\t\t\t<\/div>\n\t\t\t\t<\/div>\n\t\t<div class=\"elementor-element elementor-element-058e649 e-con-full e-flex e-con e-child\" data-id=\"058e649\" data-element_type=\"container\">\n\t\t\t\t<div class=\"elementor-element elementor-element-79583ca elementor-widget elementor-widget-text-editor\" data-id=\"79583ca\" data-element_type=\"widget\" data-widget_type=\"text-editor.default\">\n\t\t\t\t<div class=\"elementor-widget-container\">\n\t\t\t\t\t\t\t\t\t<p class=\"elementor-heading-title elementor-size-default\"><a href=\"https:\/\/ivysaur.sk\/index.php\/domov\/\">Home<\/a><\/p>\t\t\t\t\t\t\t\t<\/div>\n\t\t\t\t<\/div>\n\t\t\t\t<\/div>\n\t\t<div class=\"elementor-element elementor-element-05a870f e-con-full e-flex e-con e-child\" data-id=\"05a870f\" data-element_type=\"container\">\n\t\t\t\t<div class=\"elementor-element elementor-element-36d4049 elementor-widget elementor-widget-text-editor\" data-id=\"36d4049\" data-element_type=\"widget\" data-widget_type=\"text-editor.default\">\n\t\t\t\t<div class=\"elementor-widget-container\">\n\t\t\t\t\t\t\t\t\t<p class=\"elementor-heading-title elementor-size-default\"><a href=\"https:\/\/ivysaur.sk\/index.php\/co-robime-what-we-do\/\">\u010co rob\u00edme<\/a><\/p>\t\t\t\t\t\t\t\t<\/div>\n\t\t\t\t<\/div>\n\t\t\t\t<\/div>\n\t\t<div class=\"elementor-element elementor-element-3328780 e-con-full e-flex e-con e-child\" data-id=\"3328780\" data-element_type=\"container\">\n\t\t\t\t<div class=\"elementor-element elementor-element-c5eb0b8 elementor-widget elementor-widget-text-editor\" data-id=\"c5eb0b8\" data-element_type=\"widget\" data-widget_type=\"text-editor.default\">\n\t\t\t\t<div class=\"elementor-widget-container\">\n\t\t\t\t\t\t\t\t\t<p class=\"elementor-heading-title elementor-size-default\"><a href=\"https:\/\/ivysaur.sk\/index.php\/co-nas-odlisuje-what-sets-us-apart\/\">\u010co n\u00e1s odli\u0161uje<\/a><\/p>\t\t\t\t\t\t\t\t<\/div>\n\t\t\t\t<\/div>\n\t\t\t\t<\/div>\n\t\t<div class=\"elementor-element elementor-element-3022bd8 e-con-full e-flex e-con e-child\" data-id=\"3022bd8\" data-element_type=\"container\">\n\t\t\t\t<div class=\"elementor-element elementor-element-a23fe2a elementor-widget elementor-widget-text-editor\" data-id=\"a23fe2a\" data-element_type=\"widget\" data-widget_type=\"text-editor.default\">\n\t\t\t\t<div class=\"elementor-widget-container\">\n\t\t\t\t\t\t\t\t\t<p class=\"elementor-heading-title elementor-size-default\"><a href=\"https:\/\/ivysaur.sk\/index.php\/s-kym-pracujeme-we-work-with\/\">S k\u00fdm pracujeme<\/a><\/p>\t\t\t\t\t\t\t\t<\/div>\n\t\t\t\t<\/div>\n\t\t\t\t<\/div>\n\t\t<div class=\"elementor-element elementor-element-b425b04 e-con-full e-flex e-con e-child\" data-id=\"b425b04\" data-element_type=\"container\">\n\t\t\t\t<div class=\"elementor-element elementor-element-8548572 elementor-widget elementor-widget-text-editor\" data-id=\"8548572\" data-element_type=\"widget\" data-widget_type=\"text-editor.default\">\n\t\t\t\t<div class=\"elementor-widget-container\">\n\t\t\t\t\t\t\t\t\t<p class=\"elementor-heading-title elementor-size-default\"><a href=\"https:\/\/ivysaur.sk\/index.php\/rezervacia-stretnutia-reservation-appointment\/\">Online rezerv\u00e1cia<\/a><\/p>\t\t\t\t\t\t\t\t<\/div>\n\t\t\t\t<\/div>\n\t\t\t\t<\/div>\n\t\t<div class=\"elementor-element elementor-element-440fa2e e-con-full e-flex e-con e-child\" data-id=\"440fa2e\" data-element_type=\"container\">\n\t\t\t\t<div class=\"elementor-element elementor-element-7cd16d7 elementor-widget elementor-widget-text-editor\" data-id=\"7cd16d7\" data-element_type=\"widget\" data-widget_type=\"text-editor.default\">\n\t\t\t\t<div class=\"elementor-widget-container\">\n\t\t\t\t\t\t\t\t\t<p class=\"elementor-heading-title elementor-size-default\"><a href=\"https:\/\/ivysaur.sk\/index.php\/kontakt-contact\/\">Kontaktn\u00e9\u00a0<\/a><\/p>\t\t\t\t\t\t\t\t<\/div>\n\t\t\t\t<\/div>\n\t\t\t\t<\/div>\n\t\t\t\t\t<\/div>\n\t\t\t\t<\/div>\n\t\t\t\t<section class=\"elementor-section elementor-top-section elementor-element elementor-element-f11628f elementor-section-height-min-height elementor-section-boxed elementor-section-height-default elementor-section-items-middle elementor-invisible\" data-id=\"f11628f\" data-element_type=\"section\" data-settings=\"{&quot;background_background&quot;:&quot;classic&quot;,&quot;animation&quot;:&quot;fadeIn&quot;}\">\n\t\t\t\t\t\t\t<div class=\"elementor-background-overlay\"><\/div>\n\t\t\t\t\t\t\t<div class=\"elementor-container elementor-column-gap-default\">\n\t\t\t\t\t<div class=\"elementor-column elementor-col-100 elementor-top-column elementor-element elementor-element-96b67b2\" data-id=\"96b67b2\" data-element_type=\"column\">\n\t\t\t<div class=\"elementor-widget-wrap elementor-element-populated\">\n\t\t\t\t\t\t<div class=\"elementor-element elementor-element-ca1d615 elementor-widget elementor-widget-spacer\" data-id=\"ca1d615\" data-element_type=\"widget\" data-widget_type=\"spacer.default\">\n\t\t\t\t<div class=\"elementor-widget-container\">\n\t\t\t\t\t\t\t<div class=\"elementor-spacer\">\n\t\t\t<div class=\"elementor-spacer-inner\"><\/div>\n\t\t<\/div>\n\t\t\t\t\t\t<\/div>\n\t\t\t\t<\/div>\n\t\t\t\t<div class=\"elementor-element elementor-element-836b41b elementor-invisible elementor-widget elementor-widget-heading\" data-id=\"836b41b\" data-element_type=\"widget\" data-settings=\"{&quot;_animation&quot;:&quot;fadeInUp&quot;,&quot;_animation_delay&quot;:500}\" data-widget_type=\"heading.default\">\n\t\t\t\t<div class=\"elementor-widget-container\">\n\t\t\t\t\t<h3 class=\"elementor-heading-title elementor-size-default\">\u010co n\u00e1s odli\u0161uje<\/h3>\t\t\t\t<\/div>\n\t\t\t\t<\/div>\n\t\t\t\t<div class=\"elementor-element elementor-element-2bdbc09 elementor-widget elementor-widget-text-editor\" data-id=\"2bdbc09\" data-element_type=\"widget\" data-widget_type=\"text-editor.default\">\n\t\t\t\t<div class=\"elementor-widget-container\">\n\t\t\t\t\t\t\t\t\t<p>\u201eTo, \u010do umel\u00e1 inteligencia nedok\u00e1\u017ee zabezpe\u010di\u0165: d\u00f4vera, sk\u00fasenosti a \u013eudia.\u201c<\/p>\t\t\t\t\t\t\t\t<\/div>\n\t\t\t\t<\/div>\n\t\t\t\t\t<\/div>\n\t\t<\/div>\n\t\t\t\t\t<\/div>\n\t\t<\/section>\n\t\t\t\t<section class=\"elementor-section elementor-top-section elementor-element elementor-element-5033f1c elementor-section-boxed elementor-section-height-default elementor-section-height-default\" data-id=\"5033f1c\" data-element_type=\"section\" data-settings=\"{&quot;background_background&quot;:&quot;classic&quot;}\">\n\t\t\t\t\t\t<div class=\"elementor-container elementor-column-gap-default\">\n\t\t\t\t\t<div class=\"elementor-column elementor-col-100 elementor-top-column elementor-element elementor-element-cfb94b7\" data-id=\"cfb94b7\" data-element_type=\"column\">\n\t\t\t<div class=\"elementor-widget-wrap elementor-element-populated\">\n\t\t\t\t\t\t<div class=\"elementor-element elementor-element-1f1e703 elementor-widget elementor-widget-heading\" data-id=\"1f1e703\" data-element_type=\"widget\" data-widget_type=\"heading.default\">\n\t\t\t\t<div class=\"elementor-widget-container\">\n\t\t\t\t\t<h2 class=\"elementor-heading-title elementor-size-default\">\u010co n\u00e1s odli\u0161uje\n<\/h2>\t\t\t\t<\/div>\n\t\t\t\t<\/div>\n\t\t\t\t<div class=\"elementor-element elementor-element-4cecd0c elementor-widget-divider--view-line elementor-widget elementor-widget-divider\" data-id=\"4cecd0c\" data-element_type=\"widget\" data-widget_type=\"divider.default\">\n\t\t\t\t<div class=\"elementor-widget-container\">\n\t\t\t\t\t\t\t<div class=\"elementor-divider\">\n\t\t\t<span class=\"elementor-divider-separator\">\n\t\t\t\t\t\t<\/span>\n\t\t<\/div>\n\t\t\t\t\t\t<\/div>\n\t\t\t\t<\/div>\n\t\t\t\t\t<\/div>\n\t\t<\/div>\n\t\t\t\t\t<\/div>\n\t\t<\/section>\n\t\t<div class=\"elementor-element elementor-element-271bf35 e-flex e-con-boxed e-con e-parent\" data-id=\"271bf35\" data-element_type=\"container\">\n\t\t\t\t\t<div class=\"e-con-inner\">\n\t\t<div class=\"elementor-element elementor-element-e2666aa e-con-full e-flex e-con e-child\" data-id=\"e2666aa\" data-element_type=\"container\">\n\t\t\t\t<div class=\"elementor-element elementor-element-6df3922 elementor-widget elementor-widget-image\" data-id=\"6df3922\" data-element_type=\"widget\" data-widget_type=\"image.default\">\n\t\t\t\t<div class=\"elementor-widget-container\">\n\t\t\t\t\t\t\t\t\t\t\t\t\t\t\t<img fetchpriority=\"high\" decoding=\"async\" width=\"800\" height=\"1000\" src=\"https:\/\/ivysaur.sk\/wp-content\/uploads\/2025\/06\/Il-Motivo-Sorprendente-per-cui-molte-819x1024.png\" class=\"attachment-large size-large wp-image-157\" alt=\"\" srcset=\"https:\/\/ivysaur.sk\/wp-content\/uploads\/2025\/06\/Il-Motivo-Sorprendente-per-cui-molte-819x1024.png 819w, https:\/\/ivysaur.sk\/wp-content\/uploads\/2025\/06\/Il-Motivo-Sorprendente-per-cui-molte-240x300.png 240w, https:\/\/ivysaur.sk\/wp-content\/uploads\/2025\/06\/Il-Motivo-Sorprendente-per-cui-molte-768x960.png 768w, https:\/\/ivysaur.sk\/wp-content\/uploads\/2025\/06\/Il-Motivo-Sorprendente-per-cui-molte.png 1080w\" sizes=\"(max-width: 800px) 100vw, 800px\" \/>\t\t\t\t\t\t\t\t\t\t\t\t\t\t\t<\/div>\n\t\t\t\t<\/div>\n\t\t\t\t<\/div>\n\t\t<div class=\"elementor-element elementor-element-4bfd871 e-con-full e-flex e-con e-child\" data-id=\"4bfd871\" data-element_type=\"container\">\n\t\t\t\t<div class=\"elementor-element elementor-element-ef92a9b elementor-widget elementor-widget-text-editor\" data-id=\"ef92a9b\" data-element_type=\"widget\" data-widget_type=\"text-editor.default\">\n\t\t\t\t<div class=\"elementor-widget-container\">\n\t\t\t\t\t\t\t\t\t<p><span style=\"font-weight: 400;\">Pon\u00fakame to, \u010do umel\u00e1 inteligencia nedok\u00e1\u017ee napodobni\u0165: skuto\u010dn\u00fa \u013eudsk\u00fa d\u00f4veru. Na\u0161a firma je nov\u00e1. Na\u0161a odbornos\u0165 nie. D\u00f4vera poch\u00e1dza od \u013eud\u00ed, ktor\u00ed stoja za na\u0161\u00edm menom.<\/span><\/p>\n<p><span style=\"font-weight: 400;\">Na\u0161a sila nespo\u010d\u00edva len v tom, \u010do vieme, ale aj v tom, koho pozn\u00e1me \u2013 a kto n\u00e1m d\u00f4veruje.<\/span><\/p>\t\t\t\t\t\t\t\t<\/div>\n\t\t\t\t<\/div>\n\t\t\t\t<div class=\"elementor-element elementor-element-303db18 elementor-widget elementor-widget-image\" data-id=\"303db18\" data-element_type=\"widget\" data-widget_type=\"image.default\">\n\t\t\t\t<div class=\"elementor-widget-container\">\n\t\t\t\t\t\t\t\t\t\t\t\t\t\t\t<img loading=\"lazy\" decoding=\"async\" width=\"800\" height=\"1000\" src=\"https:\/\/ivysaur.sk\/wp-content\/uploads\/2025\/06\/Il-Motivo-Sorprendente-per-cui-molte-1-819x1024.png\" class=\"attachment-large size-large wp-image-158\" alt=\"\" srcset=\"https:\/\/ivysaur.sk\/wp-content\/uploads\/2025\/06\/Il-Motivo-Sorprendente-per-cui-molte-1-819x1024.png 819w, https:\/\/ivysaur.sk\/wp-content\/uploads\/2025\/06\/Il-Motivo-Sorprendente-per-cui-molte-1-240x300.png 240w, https:\/\/ivysaur.sk\/wp-content\/uploads\/2025\/06\/Il-Motivo-Sorprendente-per-cui-molte-1-768x960.png 768w, https:\/\/ivysaur.sk\/wp-content\/uploads\/2025\/06\/Il-Motivo-Sorprendente-per-cui-molte-1.png 1080w\" sizes=\"(max-width: 800px) 100vw, 800px\" \/>\t\t\t\t\t\t\t\t\t\t\t\t\t\t\t<\/div>\n\t\t\t\t<\/div>\n\t\t\t\t<\/div>\n\t\t\t\t\t<\/div>\n\t\t\t\t<\/div>\n\t\t\t\t<section class=\"elementor-section elementor-top-section elementor-element elementor-element-d3b6d49 elementor-section-boxed elementor-section-height-default elementor-section-height-default\" data-id=\"d3b6d49\" data-element_type=\"section\" data-settings=\"{&quot;background_background&quot;:&quot;classic&quot;}\">\n\t\t\t\t\t\t\t<div class=\"elementor-background-overlay\"><\/div>\n\t\t\t\t\t\t\t<div class=\"elementor-container elementor-column-gap-default\">\n\t\t\t\t\t<div class=\"elementor-column elementor-col-100 elementor-top-column elementor-element elementor-element-a7e9378\" data-id=\"a7e9378\" data-element_type=\"column\">\n\t\t\t<div class=\"elementor-widget-wrap elementor-element-populated\">\n\t\t\t\t\t\t<section class=\"elementor-section elementor-inner-section elementor-element elementor-element-b2ef2d8 elementor-section-boxed elementor-section-height-default elementor-section-height-default\" data-id=\"b2ef2d8\" data-element_type=\"section\">\n\t\t\t\t\t\t<div class=\"elementor-container elementor-column-gap-default\">\n\t\t\t\t\t<div class=\"elementor-column elementor-col-100 elementor-inner-column elementor-element elementor-element-46f768a\" data-id=\"46f768a\" data-element_type=\"column\">\n\t\t\t<div class=\"elementor-widget-wrap elementor-element-populated\">\n\t\t\t\t\t\t<div class=\"elementor-element elementor-element-495f537 elementor-widget elementor-widget-text-editor\" data-id=\"495f537\" data-element_type=\"widget\" data-widget_type=\"text-editor.default\">\n\t\t\t\t<div class=\"elementor-widget-container\">\n\t\t\t\t\t\t\t\t\t<p>Ivysaur 2025\u00a0|\u00a0V\u0161etky pr\u00e1va vyhraden\u00e9<\/p>\t\t\t\t\t\t\t\t<\/div>\n\t\t\t\t<\/div>\n\t\t\t\t\t<\/div>\n\t\t<\/div>\n\t\t\t\t\t<\/div>\n\t\t<\/section>\n\t\t\t\t\t<\/div>\n\t\t<\/div>\n\t\t\t\t\t<\/div>\n\t\t<\/section>\n\t\t\t\t<\/div>\n\t\t","protected":false},"excerpt":{"rendered":"<p>Ivysaur s. r. o. Home \u010co rob\u00edme \u010co n\u00e1s odli\u0161uje S k\u00fdm pracujeme Online rezerv\u00e1cia Kontaktn\u00e9\u00a0 \u010co n\u00e1s odli\u0161uje \u201eTo, \u010do umel\u00e1 inteligencia nedok\u00e1\u017ee zabezpe\u010di\u0165: d\u00f4vera, sk\u00fasenosti a \u013eudia.\u201c \u010co n\u00e1s odli\u0161uje Pon\u00fakame to, \u010do umel\u00e1 inteligencia nedok\u00e1\u017ee napodobni\u0165: skuto\u010dn\u00fa \u013eudsk\u00fa d\u00f4veru. Na\u0161a firma je nov\u00e1. Na\u0161a odbornos\u0165 nie. D\u00f4vera poch\u00e1dza od \u013eud\u00ed, ktor\u00ed stoja [&hellip;]<\/p>\n","protected":false},"author":1,"featured_media":0,"parent":0,"menu_order":0,"comment_status":"closed","ping_status":"closed","template":"elementor_canvas","meta":{"footnotes":""},"class_list":["post-257","page","type-page","status-publish","hentry"],"_links":{"self":[{"href":"https:\/\/ivysaur.sk\/index.php\/wp-json\/wp\/v2\/pages\/257","targetHints":{"allow":["GET"]}}],"collection":[{"href":"https:\/\/ivysaur.sk\/index.php\/wp-json\/wp\/v2\/pages"}],"about":[{"href":"https:\/\/ivysaur.sk\/index.php\/wp-json\/wp\/v2\/types\/page"}],"author":[{"embeddable":true,"href":"https:\/\/ivysaur.sk\/index.php\/wp-json\/wp\/v2\/users\/1"}],"replies":[{"embeddable":true,"href":"https:\/\/ivysaur.sk\/index.php\/wp-json\/wp\/v2\/comments?post=257"}],"version-history":[{"count":10,"href":"https:\/\/ivysaur.sk\/index.php\/wp-json\/wp\/v2\/pages\/257\/revisions"}],"predecessor-version":[{"id":301,"href":"https:\/\/ivysaur.sk\/index.php\/wp-json\/wp\/v2\/pages\/257\/revisions\/301"}],"wp:attachment":[{"href":"https:\/\/ivysaur.sk\/index.php\/wp-json\/wp\/v2\/media?parent=257"}],"curies":[{"name":"wp","href":"https:\/\/api.w.org\/{rel}","templated":true}]}}