{"id":265,"date":"2025-06-16T14:17:31","date_gmt":"2025-06-16T14:17:31","guid":{"rendered":"https:\/\/ivysaur.sk\/?page_id=265"},"modified":"2025-06-16T14:44:53","modified_gmt":"2025-06-16T14:44:53","slug":"s-kym-pracujeme-we-work-with","status":"publish","type":"page","link":"https:\/\/ivysaur.sk\/index.php\/s-kym-pracujeme-we-work-with\/","title":{"rendered":"S\u00a0k\u00fdm pracujeme (We work with)"},"content":{"rendered":"\t\t<div data-elementor-type=\"wp-page\" data-elementor-id=\"265\" class=\"elementor elementor-265\">\n\t\t\t\t<div class=\"elementor-element elementor-element-5df9d74 e-flex e-con-boxed e-con e-parent\" data-id=\"5df9d74\" data-element_type=\"container\" data-settings=\"{&quot;background_background&quot;:&quot;classic&quot;}\">\n\t\t\t\t\t<div class=\"e-con-inner\">\n\t\t<div class=\"elementor-element elementor-element-9abd34e e-con-full e-flex e-con e-child\" data-id=\"9abd34e\" data-element_type=\"container\">\n\t\t\t\t<div class=\"elementor-element elementor-element-926acea elementor-widget elementor-widget-text-editor\" data-id=\"926acea\" data-element_type=\"widget\" data-widget_type=\"text-editor.default\">\n\t\t\t\t<div class=\"elementor-widget-container\">\n\t\t\t\t\t\t\t\t\t<p>Ivysaur s. r. o.<\/p>\t\t\t\t\t\t\t\t<\/div>\n\t\t\t\t<\/div>\n\t\t\t\t<\/div>\n\t\t<div class=\"elementor-element elementor-element-8e02a50 e-con-full e-flex e-con e-child\" data-id=\"8e02a50\" data-element_type=\"container\">\n\t\t<div class=\"elementor-element elementor-element-5fdd888 e-con-full e-grid e-con e-child\" data-id=\"5fdd888\" data-element_type=\"container\">\n\t\t\t\t<div class=\"elementor-element elementor-element-aeb01ef elementor-widget elementor-widget-image\" data-id=\"aeb01ef\" data-element_type=\"widget\" data-widget_type=\"image.default\">\n\t\t\t\t<div class=\"elementor-widget-container\">\n\t\t\t\t\t\t\t\t\t\t\t\t\t\t\t<img decoding=\"async\" width=\"100\" height=\"100\" src=\"https:\/\/ivysaur.sk\/wp-content\/uploads\/2025\/06\/italia.png\" class=\"attachment-large size-large wp-image-148\" alt=\"\" \/>\t\t\t\t\t\t\t\t\t\t\t\t\t\t\t<\/div>\n\t\t\t\t<\/div>\n\t\t\t\t<div class=\"elementor-element elementor-element-ac86e2b elementor-widget elementor-widget-image\" data-id=\"ac86e2b\" data-element_type=\"widget\" data-widget_type=\"image.default\">\n\t\t\t\t<div class=\"elementor-widget-container\">\n\t\t\t\t\t\t\t\t\t\t\t\t\t\t\t\t<a href=\"https:\/\/ivysaur.sk\/\" target=\"_blank\">\n\t\t\t\t\t\t\t<img decoding=\"async\" width=\"100\" height=\"100\" src=\"https:\/\/ivysaur.sk\/wp-content\/uploads\/2025\/06\/england.png\" class=\"attachment-large size-large wp-image-243\" alt=\"\" \/>\t\t\t\t\t\t\t\t<\/a>\n\t\t\t\t\t\t\t\t\t\t\t\t\t\t\t<\/div>\n\t\t\t\t<\/div>\n\t\t\t\t<\/div>\n\t\t\t\t<\/div>\n\t\t<div class=\"elementor-element elementor-element-d06ceba e-con-full e-flex e-con e-child\" data-id=\"d06ceba\" data-element_type=\"container\">\n\t\t\t\t<div class=\"elementor-element elementor-element-e2a9e73 elementor-widget elementor-widget-text-editor\" data-id=\"e2a9e73\" data-element_type=\"widget\" data-widget_type=\"text-editor.default\">\n\t\t\t\t<div class=\"elementor-widget-container\">\n\t\t\t\t\t\t\t\t\t<p class=\"elementor-heading-title elementor-size-default\"><a href=\"https:\/\/ivysaur.sk\/index.php\/domov\/\">Home<\/a><\/p>\t\t\t\t\t\t\t\t<\/div>\n\t\t\t\t<\/div>\n\t\t\t\t<\/div>\n\t\t<div class=\"elementor-element elementor-element-bbe51f1 e-con-full e-flex e-con e-child\" data-id=\"bbe51f1\" data-element_type=\"container\">\n\t\t\t\t<div class=\"elementor-element elementor-element-688d846 elementor-widget elementor-widget-text-editor\" data-id=\"688d846\" data-element_type=\"widget\" data-widget_type=\"text-editor.default\">\n\t\t\t\t<div class=\"elementor-widget-container\">\n\t\t\t\t\t\t\t\t\t<p class=\"elementor-heading-title elementor-size-default\"><a href=\"https:\/\/ivysaur.sk\/index.php\/co-robime-what-we-do\/\">\u010co rob\u00edme<\/a><\/p>\t\t\t\t\t\t\t\t<\/div>\n\t\t\t\t<\/div>\n\t\t\t\t<\/div>\n\t\t<div class=\"elementor-element elementor-element-03496fa e-con-full e-flex e-con e-child\" data-id=\"03496fa\" data-element_type=\"container\">\n\t\t\t\t<div class=\"elementor-element elementor-element-73e2763 elementor-widget elementor-widget-text-editor\" data-id=\"73e2763\" data-element_type=\"widget\" data-widget_type=\"text-editor.default\">\n\t\t\t\t<div class=\"elementor-widget-container\">\n\t\t\t\t\t\t\t\t\t<p class=\"elementor-heading-title elementor-size-default\"><a href=\"https:\/\/ivysaur.sk\/index.php\/co-nas-odlisuje-what-sets-us-apart\/\">\u010co n\u00e1s odli\u0161uje<\/a><\/p>\t\t\t\t\t\t\t\t<\/div>\n\t\t\t\t<\/div>\n\t\t\t\t<\/div>\n\t\t<div class=\"elementor-element elementor-element-64aaac2 e-con-full e-flex e-con e-child\" data-id=\"64aaac2\" data-element_type=\"container\">\n\t\t\t\t<div class=\"elementor-element elementor-element-56e2c88 elementor-widget elementor-widget-text-editor\" data-id=\"56e2c88\" data-element_type=\"widget\" data-widget_type=\"text-editor.default\">\n\t\t\t\t<div class=\"elementor-widget-container\">\n\t\t\t\t\t\t\t\t\t<p class=\"elementor-heading-title elementor-size-default\"><a href=\"https:\/\/ivysaur.sk\/index.php\/s-kym-pracujeme-we-work-with\/\">S k\u00fdm pracujeme<\/a><\/p>\t\t\t\t\t\t\t\t<\/div>\n\t\t\t\t<\/div>\n\t\t\t\t<\/div>\n\t\t<div class=\"elementor-element elementor-element-46a1d6e e-con-full e-flex e-con e-child\" data-id=\"46a1d6e\" data-element_type=\"container\">\n\t\t\t\t<div class=\"elementor-element elementor-element-2da6887 elementor-widget elementor-widget-text-editor\" data-id=\"2da6887\" data-element_type=\"widget\" data-widget_type=\"text-editor.default\">\n\t\t\t\t<div class=\"elementor-widget-container\">\n\t\t\t\t\t\t\t\t\t<p class=\"elementor-heading-title elementor-size-default\"><a href=\"https:\/\/ivysaur.sk\/index.php\/rezervacia-stretnutia-reservation-appointment\/\">Online rezerv\u00e1cia<\/a><\/p>\t\t\t\t\t\t\t\t<\/div>\n\t\t\t\t<\/div>\n\t\t\t\t<\/div>\n\t\t<div class=\"elementor-element elementor-element-9067c9f e-con-full e-flex e-con e-child\" data-id=\"9067c9f\" data-element_type=\"container\">\n\t\t\t\t<div class=\"elementor-element elementor-element-d353c8d elementor-widget elementor-widget-text-editor\" data-id=\"d353c8d\" data-element_type=\"widget\" data-widget_type=\"text-editor.default\">\n\t\t\t\t<div class=\"elementor-widget-container\">\n\t\t\t\t\t\t\t\t\t<p class=\"elementor-heading-title elementor-size-default\"><a href=\"https:\/\/ivysaur.sk\/index.php\/kontakt-contact\/\">Kontaktn\u00e9\u00a0<\/a><\/p>\t\t\t\t\t\t\t\t<\/div>\n\t\t\t\t<\/div>\n\t\t\t\t<\/div>\n\t\t\t\t\t<\/div>\n\t\t\t\t<\/div>\n\t\t\t\t<section class=\"elementor-section elementor-top-section elementor-element elementor-element-f11628f elementor-section-height-min-height elementor-section-boxed elementor-section-height-default elementor-section-items-middle elementor-invisible\" data-id=\"f11628f\" data-element_type=\"section\" data-settings=\"{&quot;background_background&quot;:&quot;classic&quot;,&quot;animation&quot;:&quot;fadeIn&quot;}\">\n\t\t\t\t\t\t\t<div class=\"elementor-background-overlay\"><\/div>\n\t\t\t\t\t\t\t<div class=\"elementor-container elementor-column-gap-default\">\n\t\t\t\t\t<div class=\"elementor-column elementor-col-100 elementor-top-column elementor-element elementor-element-96b67b2\" data-id=\"96b67b2\" data-element_type=\"column\">\n\t\t\t<div class=\"elementor-widget-wrap elementor-element-populated\">\n\t\t\t\t\t\t<div class=\"elementor-element elementor-element-ca1d615 elementor-widget elementor-widget-spacer\" data-id=\"ca1d615\" data-element_type=\"widget\" data-widget_type=\"spacer.default\">\n\t\t\t\t<div class=\"elementor-widget-container\">\n\t\t\t\t\t\t\t<div class=\"elementor-spacer\">\n\t\t\t<div class=\"elementor-spacer-inner\"><\/div>\n\t\t<\/div>\n\t\t\t\t\t\t<\/div>\n\t\t\t\t<\/div>\n\t\t\t\t<div class=\"elementor-element elementor-element-836b41b elementor-invisible elementor-widget elementor-widget-heading\" data-id=\"836b41b\" data-element_type=\"widget\" data-settings=\"{&quot;_animation&quot;:&quot;fadeInUp&quot;,&quot;_animation_delay&quot;:500}\" data-widget_type=\"heading.default\">\n\t\t\t\t<div class=\"elementor-widget-container\">\n\t\t\t\t\t<h3 class=\"elementor-heading-title elementor-size-default\">S k\u00fdm pracujeme<\/h3>\t\t\t\t<\/div>\n\t\t\t\t<\/div>\n\t\t\t\t<div class=\"elementor-element elementor-element-2bdbc09 elementor-widget elementor-widget-text-editor\" data-id=\"2bdbc09\" data-element_type=\"widget\" data-widget_type=\"text-editor.default\">\n\t\t\t\t<div class=\"elementor-widget-container\">\n\t\t\t\t\t\t\t\t\t<p><span style=\"font-weight: 400;\">\u201eKde kon\u010dia algoritmy, za\u010d\u00ednaj\u00fa vz\u0165ahy.\u201c<\/span><\/p>\t\t\t\t\t\t\t\t<\/div>\n\t\t\t\t<\/div>\n\t\t\t\t\t<\/div>\n\t\t<\/div>\n\t\t\t\t\t<\/div>\n\t\t<\/section>\n\t\t\t\t<section class=\"elementor-section elementor-top-section elementor-element elementor-element-5033f1c elementor-section-boxed elementor-section-height-default elementor-section-height-default\" data-id=\"5033f1c\" data-element_type=\"section\" data-settings=\"{&quot;background_background&quot;:&quot;classic&quot;}\">\n\t\t\t\t\t\t<div class=\"elementor-container elementor-column-gap-default\">\n\t\t\t\t\t<div class=\"elementor-column elementor-col-100 elementor-top-column elementor-element elementor-element-cfb94b7\" data-id=\"cfb94b7\" data-element_type=\"column\">\n\t\t\t<div class=\"elementor-widget-wrap elementor-element-populated\">\n\t\t\t\t\t\t<div class=\"elementor-element elementor-element-1f1e703 elementor-widget elementor-widget-heading\" data-id=\"1f1e703\" data-element_type=\"widget\" data-widget_type=\"heading.default\">\n\t\t\t\t<div class=\"elementor-widget-container\">\n\t\t\t\t\t<h2 class=\"elementor-heading-title elementor-size-default\">S k\u00fdm pracujeme<\/h2>\t\t\t\t<\/div>\n\t\t\t\t<\/div>\n\t\t\t\t<div class=\"elementor-element elementor-element-4cecd0c elementor-widget-divider--view-line elementor-widget elementor-widget-divider\" data-id=\"4cecd0c\" data-element_type=\"widget\" data-widget_type=\"divider.default\">\n\t\t\t\t<div class=\"elementor-widget-container\">\n\t\t\t\t\t\t\t<div class=\"elementor-divider\">\n\t\t\t<span class=\"elementor-divider-separator\">\n\t\t\t\t\t\t<\/span>\n\t\t<\/div>\n\t\t\t\t\t\t<\/div>\n\t\t\t\t<\/div>\n\t\t\t\t\t<\/div>\n\t\t<\/div>\n\t\t\t\t\t<\/div>\n\t\t<\/section>\n\t\t<div class=\"elementor-element elementor-element-271bf35 e-flex e-con-boxed e-con e-parent\" data-id=\"271bf35\" data-element_type=\"container\">\n\t\t\t\t\t<div class=\"e-con-inner\">\n\t\t<div class=\"elementor-element elementor-element-e2666aa e-con-full e-flex e-con e-child\" data-id=\"e2666aa\" data-element_type=\"container\">\n\t\t\t\t<div class=\"elementor-element elementor-element-6df3922 elementor-widget elementor-widget-image\" data-id=\"6df3922\" data-element_type=\"widget\" data-widget_type=\"image.default\">\n\t\t\t\t<div class=\"elementor-widget-container\">\n\t\t\t\t\t\t\t\t\t\t\t\t\t\t\t<img fetchpriority=\"high\" decoding=\"async\" width=\"800\" height=\"1000\" src=\"https:\/\/ivysaur.sk\/wp-content\/uploads\/2025\/06\/team-819x1024.png\" class=\"attachment-large size-large wp-image-166\" alt=\"\" srcset=\"https:\/\/ivysaur.sk\/wp-content\/uploads\/2025\/06\/team-819x1024.png 819w, https:\/\/ivysaur.sk\/wp-content\/uploads\/2025\/06\/team-240x300.png 240w, https:\/\/ivysaur.sk\/wp-content\/uploads\/2025\/06\/team-768x960.png 768w, https:\/\/ivysaur.sk\/wp-content\/uploads\/2025\/06\/team.png 1080w\" sizes=\"(max-width: 800px) 100vw, 800px\" \/>\t\t\t\t\t\t\t\t\t\t\t\t\t\t\t<\/div>\n\t\t\t\t<\/div>\n\t\t\t\t<\/div>\n\t\t<div class=\"elementor-element elementor-element-4bfd871 e-con-full e-flex e-con e-child\" data-id=\"4bfd871\" data-element_type=\"container\">\n\t\t\t\t<div class=\"elementor-element elementor-element-ef92a9b elementor-widget elementor-widget-text-editor\" data-id=\"ef92a9b\" data-element_type=\"widget\" data-widget_type=\"text-editor.default\">\n\t\t\t\t<div class=\"elementor-widget-container\">\n\t\t\t\t\t\t\t\t\t<ul id=\"wnd_TextBlock_5341747080196166862_inner_1\" data-wnd_is_separable=\"1\" data-wnd_separable_index=\"1\" data-wnd_separable_id=\"wnd_TextBlock_5341747080196166862\"><li style=\"font-weight: 400;\" aria-level=\"1\"><span style=\"font-weight: 400;\">in\u0161titucion\u00e1lni a s\u00fakromn\u00ed investori h\u013eadaj\u00faci dlhodob\u00fa stabilitu a rast<\/span><\/li><\/ul><p>\u00a0<\/p><ul id=\"wnd_TextBlock_5341747080196166862_inner_1\" data-wnd_is_separable=\"1\" data-wnd_separable_index=\"1\" data-wnd_separable_id=\"wnd_TextBlock_5341747080196166862\"><li style=\"font-weight: 400;\" aria-level=\"1\"><span style=\"font-weight: 400;\">Medzin\u00e1rodn\u00e9 a n\u00e1rodn\u00e9 realitn\u00e9 fondy<\/span><\/li><\/ul><p>\u00a0<\/p><ul id=\"wnd_TextBlock_5341747080196166862_inner_1\" data-wnd_is_separable=\"1\" data-wnd_separable_index=\"1\" data-wnd_separable_id=\"wnd_TextBlock_5341747080196166862\"><li style=\"font-weight: 400;\" aria-level=\"1\"><span style=\"font-weight: 400;\">Not\u00e1ri, pr\u00e1vne kancel\u00e1rie a vl\u00e1dne in\u0161tit\u00facie<\/span><\/li><\/ul><p>\u00a0<\/p><ul id=\"wnd_TextBlock_5341747080196166862_inner_1\" data-wnd_is_separable=\"1\" data-wnd_separable_index=\"1\" data-wnd_separable_id=\"wnd_TextBlock_5341747080196166862\"><li style=\"font-weight: 400;\" aria-level=\"1\"><span style=\"font-weight: 400;\">Popredn\u00e9 da\u0148ov\u00e9 a aud\u00edtorsk\u00e9 firmy s glob\u00e1lnym dosahom<\/span><\/li><\/ul><p>\u00a0<\/p><ul id=\"wnd_TextBlock_5341747080196166862_inner_1\" data-wnd_is_separable=\"1\" data-wnd_separable_index=\"1\" data-wnd_separable_id=\"wnd_TextBlock_5341747080196166862\"><li style=\"font-weight: 400;\" aria-level=\"1\"><span style=\"font-weight: 400;\">Medzin\u00e1rodn\u00e9 finan\u010dn\u00e9 organiz\u00e1cie a bankov\u00e9 skupiny<\/span><\/li><\/ul>\t\t\t\t\t\t\t\t<\/div>\n\t\t\t\t<\/div>\n\t\t\t\t<div class=\"elementor-element elementor-element-303db18 elementor-widget elementor-widget-image\" data-id=\"303db18\" data-element_type=\"widget\" data-widget_type=\"image.default\">\n\t\t\t\t<div class=\"elementor-widget-container\">\n\t\t\t\t\t\t\t\t\t\t\t\t\t\t\t<img loading=\"lazy\" decoding=\"async\" width=\"800\" height=\"1000\" src=\"https:\/\/ivysaur.sk\/wp-content\/uploads\/2025\/06\/Il-Motivo-Sorprendente-per-cui-molte-2-819x1024.png\" class=\"attachment-large size-large wp-image-167\" alt=\"\" srcset=\"https:\/\/ivysaur.sk\/wp-content\/uploads\/2025\/06\/Il-Motivo-Sorprendente-per-cui-molte-2-819x1024.png 819w, https:\/\/ivysaur.sk\/wp-content\/uploads\/2025\/06\/Il-Motivo-Sorprendente-per-cui-molte-2-240x300.png 240w, https:\/\/ivysaur.sk\/wp-content\/uploads\/2025\/06\/Il-Motivo-Sorprendente-per-cui-molte-2-768x960.png 768w, https:\/\/ivysaur.sk\/wp-content\/uploads\/2025\/06\/Il-Motivo-Sorprendente-per-cui-molte-2.png 1080w\" sizes=\"(max-width: 800px) 100vw, 800px\" \/>\t\t\t\t\t\t\t\t\t\t\t\t\t\t\t<\/div>\n\t\t\t\t<\/div>\n\t\t\t\t<\/div>\n\t\t\t\t\t<\/div>\n\t\t\t\t<\/div>\n\t\t\t\t<section class=\"elementor-section elementor-top-section elementor-element elementor-element-d3b6d49 elementor-section-boxed elementor-section-height-default elementor-section-height-default\" data-id=\"d3b6d49\" data-element_type=\"section\" data-settings=\"{&quot;background_background&quot;:&quot;classic&quot;}\">\n\t\t\t\t\t\t\t<div class=\"elementor-background-overlay\"><\/div>\n\t\t\t\t\t\t\t<div class=\"elementor-container elementor-column-gap-default\">\n\t\t\t\t\t<div class=\"elementor-column elementor-col-100 elementor-top-column elementor-element elementor-element-a7e9378\" data-id=\"a7e9378\" data-element_type=\"column\">\n\t\t\t<div class=\"elementor-widget-wrap elementor-element-populated\">\n\t\t\t\t\t\t<section class=\"elementor-section elementor-inner-section elementor-element elementor-element-b2ef2d8 elementor-section-boxed elementor-section-height-default elementor-section-height-default\" data-id=\"b2ef2d8\" data-element_type=\"section\">\n\t\t\t\t\t\t<div class=\"elementor-container elementor-column-gap-default\">\n\t\t\t\t\t<div class=\"elementor-column elementor-col-100 elementor-inner-column elementor-element elementor-element-46f768a\" data-id=\"46f768a\" data-element_type=\"column\">\n\t\t\t<div class=\"elementor-widget-wrap elementor-element-populated\">\n\t\t\t\t\t\t<div class=\"elementor-element elementor-element-495f537 elementor-widget elementor-widget-text-editor\" data-id=\"495f537\" data-element_type=\"widget\" data-widget_type=\"text-editor.default\">\n\t\t\t\t<div class=\"elementor-widget-container\">\n\t\t\t\t\t\t\t\t\t<p>Ivysaur 2025\u00a0|\u00a0V\u0161etky pr\u00e1va vyhraden\u00e9<\/p>\t\t\t\t\t\t\t\t<\/div>\n\t\t\t\t<\/div>\n\t\t\t\t\t<\/div>\n\t\t<\/div>\n\t\t\t\t\t<\/div>\n\t\t<\/section>\n\t\t\t\t\t<\/div>\n\t\t<\/div>\n\t\t\t\t\t<\/div>\n\t\t<\/section>\n\t\t\t\t<\/div>\n\t\t","protected":false},"excerpt":{"rendered":"<p>Ivysaur s. r. o. Home \u010co rob\u00edme \u010co n\u00e1s odli\u0161uje S k\u00fdm pracujeme Online rezerv\u00e1cia Kontaktn\u00e9\u00a0 S k\u00fdm pracujeme \u201eKde kon\u010dia algoritmy, za\u010d\u00ednaj\u00fa vz\u0165ahy.\u201c S k\u00fdm pracujeme in\u0161titucion\u00e1lni a s\u00fakromn\u00ed investori h\u013eadaj\u00faci dlhodob\u00fa stabilitu a rast \u00a0 Medzin\u00e1rodn\u00e9 a n\u00e1rodn\u00e9 realitn\u00e9 fondy \u00a0 Not\u00e1ri, pr\u00e1vne kancel\u00e1rie a vl\u00e1dne in\u0161tit\u00facie \u00a0 Popredn\u00e9 da\u0148ov\u00e9 a aud\u00edtorsk\u00e9 firmy [&hellip;]<\/p>\n","protected":false},"author":1,"featured_media":0,"parent":0,"menu_order":0,"comment_status":"closed","ping_status":"closed","template":"elementor_canvas","meta":{"footnotes":""},"class_list":["post-265","page","type-page","status-publish","hentry"],"_links":{"self":[{"href":"https:\/\/ivysaur.sk\/index.php\/wp-json\/wp\/v2\/pages\/265","targetHints":{"allow":["GET"]}}],"collection":[{"href":"https:\/\/ivysaur.sk\/index.php\/wp-json\/wp\/v2\/pages"}],"about":[{"href":"https:\/\/ivysaur.sk\/index.php\/wp-json\/wp\/v2\/types\/page"}],"author":[{"embeddable":true,"href":"https:\/\/ivysaur.sk\/index.php\/wp-json\/wp\/v2\/users\/1"}],"replies":[{"embeddable":true,"href":"https:\/\/ivysaur.sk\/index.php\/wp-json\/wp\/v2\/comments?post=265"}],"version-history":[{"count":10,"href":"https:\/\/ivysaur.sk\/index.php\/wp-json\/wp\/v2\/pages\/265\/revisions"}],"predecessor-version":[{"id":310,"href":"https:\/\/ivysaur.sk\/index.php\/wp-json\/wp\/v2\/pages\/265\/revisions\/310"}],"wp:attachment":[{"href":"https:\/\/ivysaur.sk\/index.php\/wp-json\/wp\/v2\/media?parent=265"}],"curies":[{"name":"wp","href":"https:\/\/api.w.org\/{rel}","templated":true}]}}