{"id":337,"date":"2025-07-01T13:51:40","date_gmt":"2025-07-01T13:51:40","guid":{"rendered":"https:\/\/ivysaur.sk\/?page_id=337"},"modified":"2025-07-01T15:19:05","modified_gmt":"2025-07-01T15:19:05","slug":"cosa-facciamo","status":"publish","type":"page","link":"https:\/\/ivysaur.sk\/index.php\/cosa-facciamo\/","title":{"rendered":"Cosa facciamo"},"content":{"rendered":"\t\t<div data-elementor-type=\"wp-page\" data-elementor-id=\"337\" class=\"elementor elementor-337\">\n\t\t\t\t<div class=\"elementor-element elementor-element-935b83c e-flex e-con-boxed e-con e-parent\" data-id=\"935b83c\" data-element_type=\"container\" data-settings=\"{&quot;background_background&quot;:&quot;classic&quot;}\">\n\t\t\t\t\t<div class=\"e-con-inner\">\n\t\t<div class=\"elementor-element elementor-element-76c26dd e-con-full e-flex e-con e-child\" data-id=\"76c26dd\" data-element_type=\"container\">\n\t\t\t\t<div class=\"elementor-element elementor-element-12f129e elementor-widget elementor-widget-text-editor\" data-id=\"12f129e\" data-element_type=\"widget\" data-widget_type=\"text-editor.default\">\n\t\t\t\t<div class=\"elementor-widget-container\">\n\t\t\t\t\t\t\t\t\t<p>Ivysaur s. r. o.<\/p>\t\t\t\t\t\t\t\t<\/div>\n\t\t\t\t<\/div>\n\t\t\t\t<\/div>\n\t\t<div class=\"elementor-element elementor-element-15fee8e e-con-full e-flex e-con e-child\" data-id=\"15fee8e\" data-element_type=\"container\">\n\t\t<div class=\"elementor-element elementor-element-c399178 e-con-full e-grid e-con e-child\" data-id=\"c399178\" data-element_type=\"container\">\n\t\t\t\t<div class=\"elementor-element elementor-element-4e08a73 elementor-widget elementor-widget-image\" data-id=\"4e08a73\" data-element_type=\"widget\" data-widget_type=\"image.default\">\n\t\t\t\t<div class=\"elementor-widget-container\">\n\t\t\t\t\t\t\t\t\t\t\t\t\t\t\t\t<a href=\"https:\/\/ivysaur.sk\/index.php\/domov\/\">\n\t\t\t\t\t\t\t<img decoding=\"async\" width=\"100\" height=\"100\" src=\"https:\/\/ivysaur.sk\/wp-content\/uploads\/2025\/06\/slovacchia.png\" class=\"attachment-large size-large wp-image-149\" alt=\"\" \/>\t\t\t\t\t\t\t\t<\/a>\n\t\t\t\t\t\t\t\t\t\t\t\t\t\t\t<\/div>\n\t\t\t\t<\/div>\n\t\t\t\t<div class=\"elementor-element elementor-element-b15d1c7 elementor-widget elementor-widget-image\" data-id=\"b15d1c7\" data-element_type=\"widget\" data-widget_type=\"image.default\">\n\t\t\t\t<div class=\"elementor-widget-container\">\n\t\t\t\t\t\t\t\t\t\t\t\t\t\t\t\t<a href=\"https:\/\/ivysaur.sk\/\" target=\"_blank\">\n\t\t\t\t\t\t\t<img decoding=\"async\" width=\"100\" height=\"100\" src=\"https:\/\/ivysaur.sk\/wp-content\/uploads\/2025\/06\/england.png\" class=\"attachment-large size-large wp-image-243\" alt=\"\" \/>\t\t\t\t\t\t\t\t<\/a>\n\t\t\t\t\t\t\t\t\t\t\t\t\t\t\t<\/div>\n\t\t\t\t<\/div>\n\t\t\t\t<\/div>\n\t\t\t\t<\/div>\n\t\t<div class=\"elementor-element elementor-element-004c8df e-con-full e-flex e-con e-child\" data-id=\"004c8df\" data-element_type=\"container\">\n\t\t\t\t<div class=\"elementor-element elementor-element-97a9784 elementor-widget elementor-widget-text-editor\" data-id=\"97a9784\" data-element_type=\"widget\" data-widget_type=\"text-editor.default\">\n\t\t\t\t<div class=\"elementor-widget-container\">\n\t\t\t\t\t\t\t\t\t<p class=\"elementor-heading-title elementor-size-default\"><a href=\"https:\/\/ivysaur.sk\/index.php\/domov\/\">Home<\/a><\/p>\t\t\t\t\t\t\t\t<\/div>\n\t\t\t\t<\/div>\n\t\t\t\t<\/div>\n\t\t<div class=\"elementor-element elementor-element-962cb00 e-con-full e-flex e-con e-child\" data-id=\"962cb00\" data-element_type=\"container\">\n\t\t\t\t<div class=\"elementor-element elementor-element-f61e8be elementor-widget elementor-widget-text-editor\" data-id=\"f61e8be\" data-element_type=\"widget\" data-widget_type=\"text-editor.default\">\n\t\t\t\t<div class=\"elementor-widget-container\">\n\t\t\t\t\t\t\t\t\t<p class=\"elementor-heading-title elementor-size-default\"><a href=\"https:\/\/ivysaur.sk\/index.php\/cosa-facciamo\/\">Cosa facciamo<\/a><\/p>\t\t\t\t\t\t\t\t<\/div>\n\t\t\t\t<\/div>\n\t\t\t\t<\/div>\n\t\t<div class=\"elementor-element elementor-element-aea6a59 e-con-full e-flex e-con e-child\" data-id=\"aea6a59\" data-element_type=\"container\">\n\t\t\t\t<div class=\"elementor-element elementor-element-3c85bac elementor-widget elementor-widget-text-editor\" data-id=\"3c85bac\" data-element_type=\"widget\" data-widget_type=\"text-editor.default\">\n\t\t\t\t<div class=\"elementor-widget-container\">\n\t\t\t\t\t\t\t\t\t<p class=\"elementor-heading-title elementor-size-default\"><a href=\"https:\/\/ivysaur.sk\/index.php\/cosa-ci-distingue\/\">Cosa ci distingue<\/a><\/p>\t\t\t\t\t\t\t\t<\/div>\n\t\t\t\t<\/div>\n\t\t\t\t<\/div>\n\t\t<div class=\"elementor-element elementor-element-2c25e57 e-con-full e-flex e-con e-child\" data-id=\"2c25e57\" data-element_type=\"container\">\n\t\t\t\t<div class=\"elementor-element elementor-element-a7555b6 elementor-widget elementor-widget-text-editor\" data-id=\"a7555b6\" data-element_type=\"widget\" data-widget_type=\"text-editor.default\">\n\t\t\t\t<div class=\"elementor-widget-container\">\n\t\t\t\t\t\t\t\t\t<p class=\"elementor-heading-title elementor-size-default\"><a href=\"https:\/\/ivysaur.sk\/index.php\/collaboriamo-con\/\">Collaboriamo con&#8230;<\/a><\/p>\t\t\t\t\t\t\t\t<\/div>\n\t\t\t\t<\/div>\n\t\t\t\t<\/div>\n\t\t<div class=\"elementor-element elementor-element-6ee14fc e-con-full e-flex e-con e-child\" data-id=\"6ee14fc\" data-element_type=\"container\">\n\t\t\t\t<div class=\"elementor-element elementor-element-ca69f80 elementor-widget elementor-widget-text-editor\" data-id=\"ca69f80\" data-element_type=\"widget\" data-widget_type=\"text-editor.default\">\n\t\t\t\t<div class=\"elementor-widget-container\">\n\t\t\t\t\t\t\t\t\t<p class=\"elementor-heading-title elementor-size-default\"><a href=\"https:\/\/ivysaur.sk\/index.php\/prenota-un-appuntamento\/\">Prenota un appuntamento<\/a><\/p>\t\t\t\t\t\t\t\t<\/div>\n\t\t\t\t<\/div>\n\t\t\t\t<\/div>\n\t\t<div class=\"elementor-element elementor-element-a21f080 e-con-full e-flex e-con e-child\" data-id=\"a21f080\" data-element_type=\"container\">\n\t\t\t\t<div class=\"elementor-element elementor-element-20ea869 elementor-widget elementor-widget-text-editor\" data-id=\"20ea869\" data-element_type=\"widget\" data-widget_type=\"text-editor.default\">\n\t\t\t\t<div class=\"elementor-widget-container\">\n\t\t\t\t\t\t\t\t\t<p class=\"elementor-heading-title elementor-size-default\"><a href=\"https:\/\/ivysaur.sk\/index.php\/contatti\/\">Contatti<\/a><\/p>\t\t\t\t\t\t\t\t<\/div>\n\t\t\t\t<\/div>\n\t\t\t\t<\/div>\n\t\t\t\t\t<\/div>\n\t\t\t\t<\/div>\n\t\t\t\t<section class=\"elementor-section elementor-top-section elementor-element elementor-element-f11628f elementor-section-height-min-height elementor-section-boxed elementor-section-height-default elementor-section-items-middle elementor-invisible\" data-id=\"f11628f\" data-element_type=\"section\" data-settings=\"{&quot;background_background&quot;:&quot;classic&quot;,&quot;animation&quot;:&quot;fadeIn&quot;}\">\n\t\t\t\t\t\t\t<div class=\"elementor-background-overlay\"><\/div>\n\t\t\t\t\t\t\t<div class=\"elementor-container elementor-column-gap-default\">\n\t\t\t\t\t<div class=\"elementor-column elementor-col-100 elementor-top-column elementor-element elementor-element-96b67b2\" data-id=\"96b67b2\" data-element_type=\"column\">\n\t\t\t<div class=\"elementor-widget-wrap elementor-element-populated\">\n\t\t\t\t\t\t<div class=\"elementor-element elementor-element-ca1d615 elementor-widget elementor-widget-spacer\" data-id=\"ca1d615\" data-element_type=\"widget\" data-widget_type=\"spacer.default\">\n\t\t\t\t<div class=\"elementor-widget-container\">\n\t\t\t\t\t\t\t<div class=\"elementor-spacer\">\n\t\t\t<div class=\"elementor-spacer-inner\"><\/div>\n\t\t<\/div>\n\t\t\t\t\t\t<\/div>\n\t\t\t\t<\/div>\n\t\t\t\t<div class=\"elementor-element elementor-element-836b41b elementor-invisible elementor-widget elementor-widget-heading\" data-id=\"836b41b\" data-element_type=\"widget\" data-settings=\"{&quot;_animation&quot;:&quot;fadeInUp&quot;,&quot;_animation_delay&quot;:500}\" data-widget_type=\"heading.default\">\n\t\t\t\t<div class=\"elementor-widget-container\">\n\t\t\t\t\t<h3 class=\"elementor-heading-title elementor-size-default\">Cosa Facciamo<\/h3>\t\t\t\t<\/div>\n\t\t\t\t<\/div>\n\t\t\t\t<div class=\"elementor-element elementor-element-2bdbc09 elementor-widget elementor-widget-text-editor\" data-id=\"2bdbc09\" data-element_type=\"widget\" data-widget_type=\"text-editor.default\">\n\t\t\t\t<div class=\"elementor-widget-container\">\n\t\t\t\t\t\t\t\t\t<p>&#8220;Non vendiamo immobili. Costruiamo relazioni.&#8221;<\/p>\t\t\t\t\t\t\t\t<\/div>\n\t\t\t\t<\/div>\n\t\t\t\t\t<\/div>\n\t\t<\/div>\n\t\t\t\t\t<\/div>\n\t\t<\/section>\n\t\t\t\t<section class=\"elementor-section elementor-top-section elementor-element elementor-element-5033f1c elementor-section-boxed elementor-section-height-default elementor-section-height-default\" data-id=\"5033f1c\" data-element_type=\"section\" data-settings=\"{&quot;background_background&quot;:&quot;classic&quot;}\">\n\t\t\t\t\t\t<div class=\"elementor-container elementor-column-gap-default\">\n\t\t\t\t\t<div class=\"elementor-column elementor-col-100 elementor-top-column elementor-element elementor-element-cfb94b7\" data-id=\"cfb94b7\" data-element_type=\"column\">\n\t\t\t<div class=\"elementor-widget-wrap elementor-element-populated\">\n\t\t\t\t\t\t<div class=\"elementor-element elementor-element-1f1e703 elementor-widget elementor-widget-heading\" data-id=\"1f1e703\" data-element_type=\"widget\" data-widget_type=\"heading.default\">\n\t\t\t\t<div class=\"elementor-widget-container\">\n\t\t\t\t\t<h2 class=\"elementor-heading-title elementor-size-default\">Le nostre soluzioni per Te\n<\/h2>\t\t\t\t<\/div>\n\t\t\t\t<\/div>\n\t\t\t\t<div class=\"elementor-element elementor-element-ce939cc elementor-widget elementor-widget-text-editor\" data-id=\"ce939cc\" data-element_type=\"widget\" data-widget_type=\"text-editor.default\">\n\t\t\t\t<div class=\"elementor-widget-container\">\n\t\t\t\t\t\t\t\t\t<p id=\"wnd_TextBlock_79791747076968315744_inner_1\" class=\"wnd-align-justify\" data-wnd_is_separable=\"1\" data-wnd_separable_index=\"1\" data-wnd_separable_id=\"wnd_TextBlock_79791747076968315744\"><strong>Intermediazione Immobiliare<\/strong><\/p><p id=\"wnd_TextBlock_79791747076968315744_inner_2\" class=\"wnd-align-justify\" data-wnd_is_separable=\"1\" data-wnd_separable_index=\"2\" data-wnd_separable_id=\"wnd_TextBlock_79791747076968315744\">Vi affianchiamo nell\u2019acquisto e nella vendita di complessi alberghieri, centri commerciali, edifici ad uso ufficio non residenziale e terreni destinati a sviluppo commerciale o industriale.<br \/>Conosciamo le dinamiche reali di ogni settore e Vi aiutiamo a far incontrare in modo efficace domanda e offerta.<\/p>\t\t\t\t\t\t\t\t<\/div>\n\t\t\t\t<\/div>\n\t\t\t\t<div class=\"elementor-element elementor-element-4cecd0c elementor-widget-divider--view-line elementor-widget elementor-widget-divider\" data-id=\"4cecd0c\" data-element_type=\"widget\" data-widget_type=\"divider.default\">\n\t\t\t\t<div class=\"elementor-widget-container\">\n\t\t\t\t\t\t\t<div class=\"elementor-divider\">\n\t\t\t<span class=\"elementor-divider-separator\">\n\t\t\t\t\t\t<\/span>\n\t\t<\/div>\n\t\t\t\t\t\t<\/div>\n\t\t\t\t<\/div>\n\t\t\t\t<div class=\"elementor-element elementor-element-b411afb elementor-widget elementor-widget-text-editor\" data-id=\"b411afb\" data-element_type=\"widget\" data-widget_type=\"text-editor.default\">\n\t\t\t\t<div class=\"elementor-widget-container\">\n\t\t\t\t\t\t\t\t\t<p id=\"wnd_TextBlock_59451747079916833_inner_0\" class=\"wnd-align-justify\" data-wnd_is_separable=\"1\" data-wnd_separable_index=\"0\" data-wnd_separable_id=\"wnd_TextBlock_59451747079916833\"><b>Consulenza di Mercato<\/b><\/p><p id=\"wnd_TextBlock_79791747076968315744_inner_2\" class=\"wnd-align-justify\" data-wnd_is_separable=\"1\" data-wnd_separable_index=\"2\" data-wnd_separable_id=\"wnd_TextBlock_79791747076968315744\">Aiutiamo professionisti e aziende a individuare i mercati pi\u00f9 redditizi, basandoci su dati concreti, condizioni locali e posizionamento strategico. Le nostre analisi nascono dall\u2019esperienza diretta\u2014non da ipotesi\u2014per permettere ai nostri Clienti decisioni consapevoli e orientate al futuro.<\/p>\t\t\t\t\t\t\t\t<\/div>\n\t\t\t\t<\/div>\n\t\t\t\t<div class=\"elementor-element elementor-element-b817eae elementor-widget-divider--view-line elementor-widget elementor-widget-divider\" data-id=\"b817eae\" data-element_type=\"widget\" data-widget_type=\"divider.default\">\n\t\t\t\t<div class=\"elementor-widget-container\">\n\t\t\t\t\t\t\t<div class=\"elementor-divider\">\n\t\t\t<span class=\"elementor-divider-separator\">\n\t\t\t\t\t\t<\/span>\n\t\t<\/div>\n\t\t\t\t\t\t<\/div>\n\t\t\t\t<\/div>\n\t\t\t\t<div class=\"elementor-element elementor-element-1352c1d elementor-widget elementor-widget-text-editor\" data-id=\"1352c1d\" data-element_type=\"widget\" data-widget_type=\"text-editor.default\">\n\t\t\t\t<div class=\"elementor-widget-container\">\n\t\t\t\t\t\t\t\t\t<p id=\"wnd_TextBlock_26381747079951407_inner_0\" class=\"wnd-align-justify\" data-wnd_is_separable=\"1\" data-wnd_separable_index=\"0\" data-wnd_separable_id=\"wnd_TextBlock_26381747079951407\"><b>Consulenza sui mercati europei<\/b><\/p><p id=\"wnd_TextBlock_79791747076968315744_inner_2\" class=\"wnd-align-justify\" data-wnd_is_separable=\"1\" data-wnd_separable_index=\"2\" data-wnd_separable_id=\"wnd_TextBlock_79791747076968315744\">Supportiamo gli acquirenti nella verifica delle opportunit\u00e0 presenti nei diversi mercati europei.<br \/>Grazie a una conoscenza approfondita dei diversi sistemi giuridici, finanziari e<br \/>amministrativi, li aiutiamo a gestire la complessit\u00e0 e a valorizzare ogni possibilit\u00e0.<\/p>\t\t\t\t\t\t\t\t<\/div>\n\t\t\t\t<\/div>\n\t\t\t\t<div class=\"elementor-element elementor-element-6e84b33 elementor-widget-divider--view-line elementor-widget elementor-widget-divider\" data-id=\"6e84b33\" data-element_type=\"widget\" data-widget_type=\"divider.default\">\n\t\t\t\t<div class=\"elementor-widget-container\">\n\t\t\t\t\t\t\t<div class=\"elementor-divider\">\n\t\t\t<span class=\"elementor-divider-separator\">\n\t\t\t\t\t\t<\/span>\n\t\t<\/div>\n\t\t\t\t\t\t<\/div>\n\t\t\t\t<\/div>\n\t\t\t\t<div class=\"elementor-element elementor-element-c7f29c0 elementor-widget elementor-widget-text-editor\" data-id=\"c7f29c0\" data-element_type=\"widget\" data-widget_type=\"text-editor.default\">\n\t\t\t\t<div class=\"elementor-widget-container\">\n\t\t\t\t\t\t\t\t\t<p id=\"wnd_TextBlock_26381747079951407_inner_0\" class=\"wnd-align-justify\" data-wnd_is_separable=\"1\" data-wnd_separable_index=\"0\" data-wnd_separable_id=\"wnd_TextBlock_26381747079951407\"><b>Analisi dei costi<\/b><\/p><p id=\"wnd_TextBlock_79791747076968315744_inner_2\" class=\"wnd-align-justify\" data-wnd_is_separable=\"1\" data-wnd_separable_index=\"2\" data-wnd_separable_id=\"wnd_TextBlock_79791747076968315744\">Analizziamo i costi diretti e indiretti legati all\u2019acquisizione di beni immobiliari, soprattutto inmercati esteri. Comprendere il costo totale dell\u2019investimento \u00e8 fondamentale per ridurre i rischi e tutelare il valore nel lungo periodo.<\/p>\t\t\t\t\t\t\t\t<\/div>\n\t\t\t\t<\/div>\n\t\t\t\t\t<\/div>\n\t\t<\/div>\n\t\t\t\t\t<\/div>\n\t\t<\/section>\n\t\t\t\t<section class=\"elementor-section elementor-top-section elementor-element elementor-element-d3b6d49 elementor-section-boxed elementor-section-height-default elementor-section-height-default\" data-id=\"d3b6d49\" data-element_type=\"section\" data-settings=\"{&quot;background_background&quot;:&quot;classic&quot;}\">\n\t\t\t\t\t\t\t<div class=\"elementor-background-overlay\"><\/div>\n\t\t\t\t\t\t\t<div class=\"elementor-container elementor-column-gap-default\">\n\t\t\t\t\t<div class=\"elementor-column elementor-col-100 elementor-top-column elementor-element elementor-element-a7e9378\" data-id=\"a7e9378\" data-element_type=\"column\">\n\t\t\t<div class=\"elementor-widget-wrap elementor-element-populated\">\n\t\t\t\t\t\t<section class=\"elementor-section elementor-inner-section elementor-element elementor-element-b2ef2d8 elementor-section-boxed elementor-section-height-default elementor-section-height-default\" data-id=\"b2ef2d8\" data-element_type=\"section\">\n\t\t\t\t\t\t<div class=\"elementor-container elementor-column-gap-default\">\n\t\t\t\t\t<div class=\"elementor-column elementor-col-100 elementor-inner-column elementor-element elementor-element-46f768a\" data-id=\"46f768a\" data-element_type=\"column\">\n\t\t\t<div class=\"elementor-widget-wrap elementor-element-populated\">\n\t\t\t\t\t\t<div class=\"elementor-element elementor-element-495f537 elementor-widget elementor-widget-text-editor\" data-id=\"495f537\" data-element_type=\"widget\" data-widget_type=\"text-editor.default\">\n\t\t\t\t<div class=\"elementor-widget-container\">\n\t\t\t\t\t\t\t\t\t<p>Ivysaur 2025\u00a0|\u00a0V\u0161etky pr\u00e1va vyhraden\u00e9<\/p>\t\t\t\t\t\t\t\t<\/div>\n\t\t\t\t<\/div>\n\t\t\t\t\t<\/div>\n\t\t<\/div>\n\t\t\t\t\t<\/div>\n\t\t<\/section>\n\t\t\t\t\t<\/div>\n\t\t<\/div>\n\t\t\t\t\t<\/div>\n\t\t<\/section>\n\t\t\t\t<\/div>\n\t\t","protected":false},"excerpt":{"rendered":"<p>Ivysaur s. r. o. Home Cosa facciamo Cosa ci distingue Collaboriamo con&#8230; Prenota un appuntamento Contatti Cosa Facciamo &#8220;Non vendiamo immobili. Costruiamo relazioni.&#8221; Le nostre soluzioni per Te Intermediazione Immobiliare Vi affianchiamo nell\u2019acquisto e nella vendita di complessi alberghieri, centri commerciali, edifici ad uso ufficio non residenziale e terreni destinati a sviluppo commerciale o industriale.Conosciamo [&hellip;]<\/p>\n","protected":false},"author":1,"featured_media":0,"parent":0,"menu_order":0,"comment_status":"closed","ping_status":"closed","template":"elementor_canvas","meta":{"footnotes":""},"class_list":["post-337","page","type-page","status-publish","hentry"],"_links":{"self":[{"href":"https:\/\/ivysaur.sk\/index.php\/wp-json\/wp\/v2\/pages\/337","targetHints":{"allow":["GET"]}}],"collection":[{"href":"https:\/\/ivysaur.sk\/index.php\/wp-json\/wp\/v2\/pages"}],"about":[{"href":"https:\/\/ivysaur.sk\/index.php\/wp-json\/wp\/v2\/types\/page"}],"author":[{"embeddable":true,"href":"https:\/\/ivysaur.sk\/index.php\/wp-json\/wp\/v2\/users\/1"}],"replies":[{"embeddable":true,"href":"https:\/\/ivysaur.sk\/index.php\/wp-json\/wp\/v2\/comments?post=337"}],"version-history":[{"count":7,"href":"https:\/\/ivysaur.sk\/index.php\/wp-json\/wp\/v2\/pages\/337\/revisions"}],"predecessor-version":[{"id":401,"href":"https:\/\/ivysaur.sk\/index.php\/wp-json\/wp\/v2\/pages\/337\/revisions\/401"}],"wp:attachment":[{"href":"https:\/\/ivysaur.sk\/index.php\/wp-json\/wp\/v2\/media?parent=337"}],"curies":[{"name":"wp","href":"https:\/\/api.w.org\/{rel}","templated":true}]}}