{"id":343,"date":"2025-07-01T14:13:08","date_gmt":"2025-07-01T14:13:08","guid":{"rendered":"https:\/\/ivysaur.sk\/?page_id=343"},"modified":"2025-07-01T15:15:44","modified_gmt":"2025-07-01T15:15:44","slug":"cosa-ci-distingue","status":"publish","type":"page","link":"https:\/\/ivysaur.sk\/index.php\/cosa-ci-distingue\/","title":{"rendered":"Cosa ci distingue"},"content":{"rendered":"\t\t<div data-elementor-type=\"wp-page\" data-elementor-id=\"343\" class=\"elementor elementor-343\">\n\t\t\t\t<div class=\"elementor-element elementor-element-373b0e8 e-flex e-con-boxed e-con e-parent\" data-id=\"373b0e8\" data-element_type=\"container\" data-settings=\"{&quot;background_background&quot;:&quot;classic&quot;}\">\n\t\t\t\t\t<div class=\"e-con-inner\">\n\t\t<div class=\"elementor-element elementor-element-70cbf66 e-con-full e-flex e-con e-child\" data-id=\"70cbf66\" data-element_type=\"container\">\n\t\t\t\t<div class=\"elementor-element elementor-element-0155348 elementor-widget elementor-widget-text-editor\" data-id=\"0155348\" data-element_type=\"widget\" data-widget_type=\"text-editor.default\">\n\t\t\t\t<div class=\"elementor-widget-container\">\n\t\t\t\t\t\t\t\t\t<p>Ivysaur s. r. o.<\/p>\t\t\t\t\t\t\t\t<\/div>\n\t\t\t\t<\/div>\n\t\t\t\t<\/div>\n\t\t<div class=\"elementor-element elementor-element-0d5abaf e-con-full e-flex e-con e-child\" data-id=\"0d5abaf\" data-element_type=\"container\">\n\t\t<div class=\"elementor-element elementor-element-3eab2c6 e-con-full e-grid e-con e-child\" data-id=\"3eab2c6\" data-element_type=\"container\">\n\t\t\t\t<div class=\"elementor-element elementor-element-57e214c elementor-widget elementor-widget-image\" data-id=\"57e214c\" data-element_type=\"widget\" data-widget_type=\"image.default\">\n\t\t\t\t<div class=\"elementor-widget-container\">\n\t\t\t\t\t\t\t\t\t\t\t\t\t\t\t\t<a href=\"https:\/\/ivysaur.sk\/index.php\/domov\/\">\n\t\t\t\t\t\t\t<img decoding=\"async\" width=\"100\" height=\"100\" src=\"https:\/\/ivysaur.sk\/wp-content\/uploads\/2025\/06\/slovacchia.png\" class=\"attachment-large size-large wp-image-149\" alt=\"\" \/>\t\t\t\t\t\t\t\t<\/a>\n\t\t\t\t\t\t\t\t\t\t\t\t\t\t\t<\/div>\n\t\t\t\t<\/div>\n\t\t\t\t<div class=\"elementor-element elementor-element-7294363 elementor-widget elementor-widget-image\" data-id=\"7294363\" data-element_type=\"widget\" data-widget_type=\"image.default\">\n\t\t\t\t<div class=\"elementor-widget-container\">\n\t\t\t\t\t\t\t\t\t\t\t\t\t\t\t\t<a href=\"https:\/\/ivysaur.sk\/\" target=\"_blank\">\n\t\t\t\t\t\t\t<img decoding=\"async\" width=\"100\" height=\"100\" src=\"https:\/\/ivysaur.sk\/wp-content\/uploads\/2025\/06\/england.png\" class=\"attachment-large size-large wp-image-243\" alt=\"\" \/>\t\t\t\t\t\t\t\t<\/a>\n\t\t\t\t\t\t\t\t\t\t\t\t\t\t\t<\/div>\n\t\t\t\t<\/div>\n\t\t\t\t<\/div>\n\t\t\t\t<\/div>\n\t\t<div class=\"elementor-element elementor-element-aa01411 e-con-full e-flex e-con e-child\" data-id=\"aa01411\" data-element_type=\"container\">\n\t\t\t\t<div class=\"elementor-element elementor-element-f0492a5 elementor-widget elementor-widget-text-editor\" data-id=\"f0492a5\" data-element_type=\"widget\" data-widget_type=\"text-editor.default\">\n\t\t\t\t<div class=\"elementor-widget-container\">\n\t\t\t\t\t\t\t\t\t<p class=\"elementor-heading-title elementor-size-default\"><a href=\"https:\/\/ivysaur.sk\/index.php\/domov\/\">Home<\/a><\/p>\t\t\t\t\t\t\t\t<\/div>\n\t\t\t\t<\/div>\n\t\t\t\t<\/div>\n\t\t<div class=\"elementor-element elementor-element-170bf69 e-con-full e-flex e-con e-child\" data-id=\"170bf69\" data-element_type=\"container\">\n\t\t\t\t<div class=\"elementor-element elementor-element-26f60b8 elementor-widget elementor-widget-text-editor\" data-id=\"26f60b8\" data-element_type=\"widget\" data-widget_type=\"text-editor.default\">\n\t\t\t\t<div class=\"elementor-widget-container\">\n\t\t\t\t\t\t\t\t\t<p class=\"elementor-heading-title elementor-size-default\"><a href=\"https:\/\/ivysaur.sk\/index.php\/cosa-facciamo\/\">Cosa facciamo<\/a><\/p>\t\t\t\t\t\t\t\t<\/div>\n\t\t\t\t<\/div>\n\t\t\t\t<\/div>\n\t\t<div class=\"elementor-element elementor-element-ba218b1 e-con-full e-flex e-con e-child\" data-id=\"ba218b1\" data-element_type=\"container\">\n\t\t\t\t<div class=\"elementor-element elementor-element-784d81c elementor-widget elementor-widget-text-editor\" data-id=\"784d81c\" data-element_type=\"widget\" data-widget_type=\"text-editor.default\">\n\t\t\t\t<div class=\"elementor-widget-container\">\n\t\t\t\t\t\t\t\t\t<p class=\"elementor-heading-title elementor-size-default\"><a href=\"https:\/\/ivysaur.sk\/index.php\/cosa-ci-distingue\/\">Cosa ci distingue<\/a><\/p>\t\t\t\t\t\t\t\t<\/div>\n\t\t\t\t<\/div>\n\t\t\t\t<\/div>\n\t\t<div class=\"elementor-element elementor-element-0038878 e-con-full e-flex e-con e-child\" data-id=\"0038878\" data-element_type=\"container\">\n\t\t\t\t<div class=\"elementor-element elementor-element-6f37942 elementor-widget elementor-widget-text-editor\" data-id=\"6f37942\" data-element_type=\"widget\" data-widget_type=\"text-editor.default\">\n\t\t\t\t<div class=\"elementor-widget-container\">\n\t\t\t\t\t\t\t\t\t<p class=\"elementor-heading-title elementor-size-default\"><a href=\"https:\/\/ivysaur.sk\/index.php\/collaboriamo-con\/\">Collaboriamo con&#8230;<\/a><\/p>\t\t\t\t\t\t\t\t<\/div>\n\t\t\t\t<\/div>\n\t\t\t\t<\/div>\n\t\t<div class=\"elementor-element elementor-element-ed75990 e-con-full e-flex e-con e-child\" data-id=\"ed75990\" data-element_type=\"container\">\n\t\t\t\t<div class=\"elementor-element elementor-element-bee5207 elementor-widget elementor-widget-text-editor\" data-id=\"bee5207\" data-element_type=\"widget\" data-widget_type=\"text-editor.default\">\n\t\t\t\t<div class=\"elementor-widget-container\">\n\t\t\t\t\t\t\t\t\t<p class=\"elementor-heading-title elementor-size-default\"><a href=\"https:\/\/ivysaur.sk\/index.php\/prenota-un-appuntamento\/\">Prenota un appuntamento<\/a><\/p>\t\t\t\t\t\t\t\t<\/div>\n\t\t\t\t<\/div>\n\t\t\t\t<\/div>\n\t\t<div class=\"elementor-element elementor-element-ed94037 e-con-full e-flex e-con e-child\" data-id=\"ed94037\" data-element_type=\"container\">\n\t\t\t\t<div class=\"elementor-element elementor-element-2496d4e elementor-widget elementor-widget-text-editor\" data-id=\"2496d4e\" data-element_type=\"widget\" data-widget_type=\"text-editor.default\">\n\t\t\t\t<div class=\"elementor-widget-container\">\n\t\t\t\t\t\t\t\t\t<p class=\"elementor-heading-title elementor-size-default\"><a href=\"https:\/\/ivysaur.sk\/index.php\/contatti\/\">Contatti<\/a><\/p>\t\t\t\t\t\t\t\t<\/div>\n\t\t\t\t<\/div>\n\t\t\t\t<\/div>\n\t\t\t\t\t<\/div>\n\t\t\t\t<\/div>\n\t\t\t\t<section class=\"elementor-section elementor-top-section elementor-element elementor-element-f11628f elementor-section-height-min-height elementor-section-boxed elementor-section-height-default elementor-section-items-middle elementor-invisible\" data-id=\"f11628f\" data-element_type=\"section\" data-settings=\"{&quot;background_background&quot;:&quot;classic&quot;,&quot;animation&quot;:&quot;fadeIn&quot;}\">\n\t\t\t\t\t\t\t<div class=\"elementor-background-overlay\"><\/div>\n\t\t\t\t\t\t\t<div class=\"elementor-container elementor-column-gap-default\">\n\t\t\t\t\t<div class=\"elementor-column elementor-col-100 elementor-top-column elementor-element elementor-element-96b67b2\" data-id=\"96b67b2\" data-element_type=\"column\">\n\t\t\t<div class=\"elementor-widget-wrap elementor-element-populated\">\n\t\t\t\t\t\t<div class=\"elementor-element elementor-element-ca1d615 elementor-widget elementor-widget-spacer\" data-id=\"ca1d615\" data-element_type=\"widget\" data-widget_type=\"spacer.default\">\n\t\t\t\t<div class=\"elementor-widget-container\">\n\t\t\t\t\t\t\t<div class=\"elementor-spacer\">\n\t\t\t<div class=\"elementor-spacer-inner\"><\/div>\n\t\t<\/div>\n\t\t\t\t\t\t<\/div>\n\t\t\t\t<\/div>\n\t\t\t\t<div class=\"elementor-element elementor-element-836b41b elementor-invisible elementor-widget elementor-widget-heading\" data-id=\"836b41b\" data-element_type=\"widget\" data-settings=\"{&quot;_animation&quot;:&quot;fadeInUp&quot;,&quot;_animation_delay&quot;:500}\" data-widget_type=\"heading.default\">\n\t\t\t\t<div class=\"elementor-widget-container\">\n\t\t\t\t\t<h3 class=\"elementor-heading-title elementor-size-default\">Cosa ci Distingue<\/h3>\t\t\t\t<\/div>\n\t\t\t\t<\/div>\n\t\t\t\t<div class=\"elementor-element elementor-element-2bdbc09 elementor-widget elementor-widget-text-editor\" data-id=\"2bdbc09\" data-element_type=\"widget\" data-widget_type=\"text-editor.default\">\n\t\t\t\t<div class=\"elementor-widget-container\">\n\t\t\t\t\t\t\t\t\t<p>\u201cCi\u00f2 che l\u2019I.A. non pu\u00f2 offrire: fiducia, esperienza e persone.\u201d<\/p>\t\t\t\t\t\t\t\t<\/div>\n\t\t\t\t<\/div>\n\t\t\t\t\t<\/div>\n\t\t<\/div>\n\t\t\t\t\t<\/div>\n\t\t<\/section>\n\t\t\t\t<section class=\"elementor-section elementor-top-section elementor-element elementor-element-5033f1c elementor-section-boxed elementor-section-height-default elementor-section-height-default\" data-id=\"5033f1c\" data-element_type=\"section\" data-settings=\"{&quot;background_background&quot;:&quot;classic&quot;}\">\n\t\t\t\t\t\t<div class=\"elementor-container elementor-column-gap-default\">\n\t\t\t\t\t<div class=\"elementor-column elementor-col-100 elementor-top-column elementor-element elementor-element-cfb94b7\" data-id=\"cfb94b7\" data-element_type=\"column\">\n\t\t\t<div class=\"elementor-widget-wrap elementor-element-populated\">\n\t\t\t\t\t\t<div class=\"elementor-element elementor-element-1f1e703 elementor-widget elementor-widget-heading\" data-id=\"1f1e703\" data-element_type=\"widget\" data-widget_type=\"heading.default\">\n\t\t\t\t<div class=\"elementor-widget-container\">\n\t\t\t\t\t<h2 class=\"elementor-heading-title elementor-size-default\">Cosa ci distingue<\/h2>\t\t\t\t<\/div>\n\t\t\t\t<\/div>\n\t\t\t\t<div class=\"elementor-element elementor-element-4cecd0c elementor-widget-divider--view-line elementor-widget elementor-widget-divider\" data-id=\"4cecd0c\" data-element_type=\"widget\" data-widget_type=\"divider.default\">\n\t\t\t\t<div class=\"elementor-widget-container\">\n\t\t\t\t\t\t\t<div class=\"elementor-divider\">\n\t\t\t<span class=\"elementor-divider-separator\">\n\t\t\t\t\t\t<\/span>\n\t\t<\/div>\n\t\t\t\t\t\t<\/div>\n\t\t\t\t<\/div>\n\t\t\t\t\t<\/div>\n\t\t<\/div>\n\t\t\t\t\t<\/div>\n\t\t<\/section>\n\t\t<div class=\"elementor-element elementor-element-271bf35 e-flex e-con-boxed e-con e-parent\" data-id=\"271bf35\" data-element_type=\"container\">\n\t\t\t\t\t<div class=\"e-con-inner\">\n\t\t<div class=\"elementor-element elementor-element-e2666aa e-con-full e-flex e-con e-child\" data-id=\"e2666aa\" data-element_type=\"container\">\n\t\t\t\t<div class=\"elementor-element elementor-element-6df3922 elementor-widget elementor-widget-image\" data-id=\"6df3922\" data-element_type=\"widget\" data-widget_type=\"image.default\">\n\t\t\t\t<div class=\"elementor-widget-container\">\n\t\t\t\t\t\t\t\t\t\t\t\t\t\t\t<img fetchpriority=\"high\" decoding=\"async\" width=\"800\" height=\"1000\" src=\"https:\/\/ivysaur.sk\/wp-content\/uploads\/2025\/06\/Il-Motivo-Sorprendente-per-cui-molte-819x1024.png\" class=\"attachment-large size-large wp-image-157\" alt=\"\" srcset=\"https:\/\/ivysaur.sk\/wp-content\/uploads\/2025\/06\/Il-Motivo-Sorprendente-per-cui-molte-819x1024.png 819w, https:\/\/ivysaur.sk\/wp-content\/uploads\/2025\/06\/Il-Motivo-Sorprendente-per-cui-molte-240x300.png 240w, https:\/\/ivysaur.sk\/wp-content\/uploads\/2025\/06\/Il-Motivo-Sorprendente-per-cui-molte-768x960.png 768w, https:\/\/ivysaur.sk\/wp-content\/uploads\/2025\/06\/Il-Motivo-Sorprendente-per-cui-molte.png 1080w\" sizes=\"(max-width: 800px) 100vw, 800px\" \/>\t\t\t\t\t\t\t\t\t\t\t\t\t\t\t<\/div>\n\t\t\t\t<\/div>\n\t\t\t\t<\/div>\n\t\t<div class=\"elementor-element elementor-element-4bfd871 e-con-full e-flex e-con e-child\" data-id=\"4bfd871\" data-element_type=\"container\">\n\t\t\t\t<div class=\"elementor-element elementor-element-ef92a9b elementor-widget elementor-widget-text-editor\" data-id=\"ef92a9b\" data-element_type=\"widget\" data-widget_type=\"text-editor.default\">\n\t\t\t\t<div class=\"elementor-widget-container\">\n\t\t\t\t\t\t\t\t\t<p id=\"wnd_TextBlock_80291747077626640001_inner_2\" data-wnd_is_separable=\"1\" data-wnd_separable_index=\"2\" data-wnd_separable_id=\"wnd_TextBlock_80291747077626640001\">Offriamo ci\u00f2 che l\u2019A.I. non pu\u00f2 replicare: una fiducia autentica e umana.<br \/>La nostra azienda \u00e8 giovane. La nostra esperienza, no.<br \/>La fiducia nasce dalle persone che ci mettono la faccia.<\/p><p id=\"wnd_TextBlock_80291747077626640001_inner_2\" data-wnd_is_separable=\"1\" data-wnd_separable_index=\"2\" data-wnd_separable_id=\"wnd_TextBlock_80291747077626640001\">La nostra forza non sta solo in ci\u00f2 che sappiamo, ma in chi conosciamo \u2014 e in chi si fida di noi.<\/p>\t\t\t\t\t\t\t\t<\/div>\n\t\t\t\t<\/div>\n\t\t\t\t<div class=\"elementor-element elementor-element-303db18 elementor-widget elementor-widget-image\" data-id=\"303db18\" data-element_type=\"widget\" data-widget_type=\"image.default\">\n\t\t\t\t<div class=\"elementor-widget-container\">\n\t\t\t\t\t\t\t\t\t\t\t\t\t\t\t<img loading=\"lazy\" decoding=\"async\" width=\"800\" height=\"1000\" src=\"https:\/\/ivysaur.sk\/wp-content\/uploads\/2025\/06\/Il-Motivo-Sorprendente-per-cui-molte-1-819x1024.png\" class=\"attachment-large size-large wp-image-158\" alt=\"\" srcset=\"https:\/\/ivysaur.sk\/wp-content\/uploads\/2025\/06\/Il-Motivo-Sorprendente-per-cui-molte-1-819x1024.png 819w, https:\/\/ivysaur.sk\/wp-content\/uploads\/2025\/06\/Il-Motivo-Sorprendente-per-cui-molte-1-240x300.png 240w, https:\/\/ivysaur.sk\/wp-content\/uploads\/2025\/06\/Il-Motivo-Sorprendente-per-cui-molte-1-768x960.png 768w, https:\/\/ivysaur.sk\/wp-content\/uploads\/2025\/06\/Il-Motivo-Sorprendente-per-cui-molte-1.png 1080w\" sizes=\"(max-width: 800px) 100vw, 800px\" \/>\t\t\t\t\t\t\t\t\t\t\t\t\t\t\t<\/div>\n\t\t\t\t<\/div>\n\t\t\t\t<\/div>\n\t\t\t\t\t<\/div>\n\t\t\t\t<\/div>\n\t\t\t\t<section class=\"elementor-section elementor-top-section elementor-element elementor-element-d3b6d49 elementor-section-boxed elementor-section-height-default elementor-section-height-default\" data-id=\"d3b6d49\" data-element_type=\"section\" data-settings=\"{&quot;background_background&quot;:&quot;classic&quot;}\">\n\t\t\t\t\t\t\t<div class=\"elementor-background-overlay\"><\/div>\n\t\t\t\t\t\t\t<div class=\"elementor-container elementor-column-gap-default\">\n\t\t\t\t\t<div class=\"elementor-column elementor-col-100 elementor-top-column elementor-element elementor-element-a7e9378\" data-id=\"a7e9378\" data-element_type=\"column\">\n\t\t\t<div class=\"elementor-widget-wrap elementor-element-populated\">\n\t\t\t\t\t\t<section class=\"elementor-section elementor-inner-section elementor-element elementor-element-b2ef2d8 elementor-section-boxed elementor-section-height-default elementor-section-height-default\" data-id=\"b2ef2d8\" data-element_type=\"section\">\n\t\t\t\t\t\t<div class=\"elementor-container elementor-column-gap-default\">\n\t\t\t\t\t<div class=\"elementor-column elementor-col-100 elementor-inner-column elementor-element elementor-element-46f768a\" data-id=\"46f768a\" data-element_type=\"column\">\n\t\t\t<div class=\"elementor-widget-wrap elementor-element-populated\">\n\t\t\t\t\t\t<div class=\"elementor-element elementor-element-495f537 elementor-widget elementor-widget-text-editor\" data-id=\"495f537\" data-element_type=\"widget\" data-widget_type=\"text-editor.default\">\n\t\t\t\t<div class=\"elementor-widget-container\">\n\t\t\t\t\t\t\t\t\t<p>Ivysaur 2025\u00a0|\u00a0V\u0161etky pr\u00e1va vyhraden\u00e9<\/p>\t\t\t\t\t\t\t\t<\/div>\n\t\t\t\t<\/div>\n\t\t\t\t\t<\/div>\n\t\t<\/div>\n\t\t\t\t\t<\/div>\n\t\t<\/section>\n\t\t\t\t\t<\/div>\n\t\t<\/div>\n\t\t\t\t\t<\/div>\n\t\t<\/section>\n\t\t\t\t<\/div>\n\t\t","protected":false},"excerpt":{"rendered":"<p>Ivysaur s. r. o. Home Cosa facciamo Cosa ci distingue Collaboriamo con&#8230; Prenota un appuntamento Contatti Cosa ci Distingue \u201cCi\u00f2 che l\u2019I.A. non pu\u00f2 offrire: fiducia, esperienza e persone.\u201d Cosa ci distingue Offriamo ci\u00f2 che l\u2019A.I. non pu\u00f2 replicare: una fiducia autentica e umana.La nostra azienda \u00e8 giovane. La nostra esperienza, no.La fiducia nasce dalle [&hellip;]<\/p>\n","protected":false},"author":1,"featured_media":0,"parent":0,"menu_order":0,"comment_status":"closed","ping_status":"closed","template":"elementor_canvas","meta":{"footnotes":""},"class_list":["post-343","page","type-page","status-publish","hentry"],"_links":{"self":[{"href":"https:\/\/ivysaur.sk\/index.php\/wp-json\/wp\/v2\/pages\/343","targetHints":{"allow":["GET"]}}],"collection":[{"href":"https:\/\/ivysaur.sk\/index.php\/wp-json\/wp\/v2\/pages"}],"about":[{"href":"https:\/\/ivysaur.sk\/index.php\/wp-json\/wp\/v2\/types\/page"}],"author":[{"embeddable":true,"href":"https:\/\/ivysaur.sk\/index.php\/wp-json\/wp\/v2\/users\/1"}],"replies":[{"embeddable":true,"href":"https:\/\/ivysaur.sk\/index.php\/wp-json\/wp\/v2\/comments?post=343"}],"version-history":[{"count":7,"href":"https:\/\/ivysaur.sk\/index.php\/wp-json\/wp\/v2\/pages\/343\/revisions"}],"predecessor-version":[{"id":398,"href":"https:\/\/ivysaur.sk\/index.php\/wp-json\/wp\/v2\/pages\/343\/revisions\/398"}],"wp:attachment":[{"href":"https:\/\/ivysaur.sk\/index.php\/wp-json\/wp\/v2\/media?parent=343"}],"curies":[{"name":"wp","href":"https:\/\/api.w.org\/{rel}","templated":true}]}}